{"id":1255,"date":"2019-02-10T22:18:52","date_gmt":"2019-02-10T21:18:52","guid":{"rendered":"http:\/\/macguff.com\/?page_id=1255"},"modified":"2019-05-05T22:57:38","modified_gmt":"2019-05-05T20:57:38","slug":"a-propos","status":"publish","type":"page","link":"https:\/\/macguff.com\/be\/a-propos\/","title":{"rendered":"A propos"},"content":{"rendered":"<p>[et_pb_section bb_built=\u00a0\u00bb1&Prime; fullwidth=\u00a0\u00bbon\u00a0\u00bb specialty=\u00a0\u00bboff\u00a0\u00bb transparent_background=\u00a0\u00bboff\u00a0\u00bb allow_player_pause=\u00a0\u00bboff\u00a0\u00bb inner_shadow=\u00a0\u00bboff\u00a0\u00bb parallax=\u00a0\u00bboff\u00a0\u00bb parallax_method=\u00a0\u00bboff\u00a0\u00bb padding_mobile=\u00a0\u00bboff\u00a0\u00bb make_fullwidth=\u00a0\u00bboff\u00a0\u00bb use_custom_width=\u00a0\u00bboff\u00a0\u00bb width_unit=\u00a0\u00bbon\u00a0\u00bb make_equal=\u00a0\u00bboff\u00a0\u00bb use_custom_gutter=\u00a0\u00bboff\u00a0\u00bb module_class=\u00a0\u00bbpx_fullwidth_header_overlay\u00a0\u00bb custom_padding_tablet=\u00a0\u00bb50px|0|50px|0&Prime; custom_padding_last_edited=\u00a0\u00bbon|desktop\u00a0\u00bb next_background_color=\u00a0\u00bb#000000&Prime; prev_background_color=\u00a0\u00bb#000000&Prime;][et_pb_fullwidth_header title=\u00a0\u00bbMAC GUFF BELGIUM\u00a0\u00bb header_fullscreen=\u00a0\u00bbon\u00a0\u00bb header_scroll_down=\u00a0\u00bbon\u00a0\u00bb scroll_down_icon=\u00a0\u00bb%%1%%\u00a0\u00bb background_overlay_color=\u00a0\u00bbrgba(0,0,0,0)\u00a0\u00bb title_font_size=\u00a0\u00bb45px\u00a0\u00bb content_font_size=\u00a0\u00bb20px\u00a0\u00bb subhead_font_size=\u00a0\u00bb41px\u00a0\u00bb scroll_down_icon_color=\u00a0\u00bb#ff8800&Prime; background_image=\u00a0\u00bbhttp:\/\/macguff.com\/wp-content\/uploads\/2019\/03\/Compo1-2.jpg\u00a0\u00bb title_text_color=\u00a0\u00bb#ff8800&Prime; background_color=\u00a0\u00bbrgba(255, 255, 255, 0)\u00a0\u00bb _builder_version=\u00a0\u00bb3.19.4&Prime; button_one_text_size__hover_enabled=\u00a0\u00bboff\u00a0\u00bb button_one_text_size__hover=\u00a0\u00bbnull\u00a0\u00bb button_two_text_size__hover_enabled=\u00a0\u00bboff\u00a0\u00bb button_two_text_size__hover=\u00a0\u00bbnull\u00a0\u00bb button_one_text_color__hover_enabled=\u00a0\u00bboff\u00a0\u00bb button_one_text_color__hover=\u00a0\u00bbnull\u00a0\u00bb button_two_text_color__hover_enabled=\u00a0\u00bboff\u00a0\u00bb button_two_text_color__hover=\u00a0\u00bbnull\u00a0\u00bb button_one_border_width__hover_enabled=\u00a0\u00bboff\u00a0\u00bb button_one_border_width__hover=\u00a0\u00bbnull\u00a0\u00bb button_two_border_width__hover_enabled=\u00a0\u00bboff\u00a0\u00bb button_two_border_width__hover=\u00a0\u00bbnull\u00a0\u00bb button_one_border_color__hover_enabled=\u00a0\u00bboff\u00a0\u00bb button_one_border_color__hover=\u00a0\u00bbnull\u00a0\u00bb button_two_border_color__hover_enabled=\u00a0\u00bboff\u00a0\u00bb button_two_border_color__hover=\u00a0\u00bbnull\u00a0\u00bb button_one_border_radius__hover_enabled=\u00a0\u00bboff\u00a0\u00bb button_one_border_radius__hover=\u00a0\u00bbnull\u00a0\u00bb button_two_border_radius__hover_enabled=\u00a0\u00bboff\u00a0\u00bb button_two_border_radius__hover=\u00a0\u00bbnull\u00a0\u00bb button_one_letter_spacing__hover_enabled=\u00a0\u00bbon\u00a0\u00bb button_one_letter_spacing__hover=\u00a0\u00bb0&Prime; button_two_letter_spacing__hover_enabled=\u00a0\u00bbon\u00a0\u00bb button_two_letter_spacing__hover=\u00a0\u00bb0&Prime; button_one_bg_color__hover_enabled=\u00a0\u00bboff\u00a0\u00bb button_one_bg_color__hover=\u00a0\u00bbnull\u00a0\u00bb button_two_bg_color__hover_enabled=\u00a0\u00bboff\u00a0\u00bb button_two_bg_color__hover=\u00a0\u00bbnull\u00a0\u00bb max_width_tablet=\u00a0\u00bb50px\u00a0\u00bb parallax=\u00a0\u00bbon\u00a0\u00bb scroll_down_icon_size=\u00a0\u00bb75px\u00a0\u00bb title_font=\u00a0\u00bbTrebuchet||||||||\u00a0\u00bb title_letter_spacing=\u00a0\u00bb2px\u00a0\u00bb subhead_line_height=\u00a0\u00bb1.5em\u00a0\u00bb subhead=\u00a0\u00bbAbout us\u00a0\u00bb subhead_font=\u00a0\u00bbRoboto Condensed||||||||\u00a0\u00bb title_text_shadow_style=\u00a0\u00bbpreset2&Prime; title_text_shadow_horizontal_length=\u00a0\u00bb0.06em\u00a0\u00bb title_text_shadow_vertical_length=\u00a0\u00bb0.06em\u00a0\u00bb \/][\/et_pb_section][et_pb_section bb_built=\u00a0\u00bb1&Prime; admin_label=\u00a0\u00bbsection\u00a0\u00bb transparent_background=\u00a0\u00bboff\u00a0\u00bb background_color=\u00a0\u00bb#000000&Prime; allow_player_pause=\u00a0\u00bboff\u00a0\u00bb inner_shadow=\u00a0\u00bboff\u00a0\u00bb parallax=\u00a0\u00bbon\u00a0\u00bb parallax_method=\u00a0\u00bboff\u00a0\u00bb padding_mobile=\u00a0\u00bboff\u00a0\u00bb make_fullwidth=\u00a0\u00bboff\u00a0\u00bb use_custom_width=\u00a0\u00bboff\u00a0\u00bb width_unit=\u00a0\u00bbon\u00a0\u00bb make_equal=\u00a0\u00bboff\u00a0\u00bb use_custom_gutter=\u00a0\u00bboff\u00a0\u00bb custom_padding_tablet=\u00a0\u00bb50px|0|50px|0&Prime; custom_padding_last_edited=\u00a0\u00bbon|desktop\u00a0\u00bb prev_background_color=\u00a0\u00bb#ffffff\u00a0\u00bb next_background_color=\u00a0\u00bb#ffffff\u00a0\u00bb][et_pb_row admin_label=\u00a0\u00bbrow\u00a0\u00bb make_fullwidth=\u00a0\u00bboff\u00a0\u00bb use_custom_width=\u00a0\u00bboff\u00a0\u00bb width_unit=\u00a0\u00bbon\u00a0\u00bb use_custom_gutter=\u00a0\u00bboff\u00a0\u00bb custom_padding=\u00a0\u00bb100px|100px|100px|100px\u00a0\u00bb padding_mobile=\u00a0\u00bboff\u00a0\u00bb allow_player_pause=\u00a0\u00bboff\u00a0\u00bb parallax=\u00a0\u00bboff\u00a0\u00bb parallax_method=\u00a0\u00bboff\u00a0\u00bb make_equal=\u00a0\u00bboff\u00a0\u00bb parallax_1=\u00a0\u00bboff\u00a0\u00bb parallax_method_1=\u00a0\u00bboff\u00a0\u00bb column_padding_mobile=\u00a0\u00bbon\u00a0\u00bb background_position=\u00a0\u00bbtop_left\u00a0\u00bb background_repeat=\u00a0\u00bbrepeat\u00a0\u00bb background_size=\u00a0\u00bbinitial\u00a0\u00bb _builder_version=\u00a0\u00bb3.19.4&Prime;][et_pb_column type=\u00a0\u00bb4_4&Prime;][et_pb_text text_orientation=\u00a0\u00bbcenter\u00a0\u00bb background_position=\u00a0\u00bbtop_left\u00a0\u00bb background_repeat=\u00a0\u00bbrepeat\u00a0\u00bb background_size=\u00a0\u00bbinitial\u00a0\u00bb module_alignment=\u00a0\u00bbcenter\u00a0\u00bb _builder_version=\u00a0\u00bb3.19.4&Prime; header_font=\u00a0\u00bbRoboto Condensed||||||||\u00a0\u00bb text_text_color=\u00a0\u00bb#ff8800&Prime; header_text_color=\u00a0\u00bb#ff8800&Prime;]<\/p>\n<h1 style=\"color: #ff7f00;\">MAC GUFF BELGIUM combine talent with technology, artistry with rigor, the familiar with the fantastic. Our work can be inspiring or invisible, but always with respect of authors.<\/h1>\n<p>[\/et_pb_text][\/et_pb_column][\/et_pb_row][\/et_pb_section][et_pb_section bb_built=\u00a0\u00bb1&Prime; fullwidth=\u00a0\u00bbon\u00a0\u00bb specialty=\u00a0\u00bboff\u00a0\u00bb transparent_background=\u00a0\u00bboff\u00a0\u00bb allow_player_pause=\u00a0\u00bboff\u00a0\u00bb inner_shadow=\u00a0\u00bboff\u00a0\u00bb parallax=\u00a0\u00bboff\u00a0\u00bb parallax_method=\u00a0\u00bboff\u00a0\u00bb padding_mobile=\u00a0\u00bboff\u00a0\u00bb make_fullwidth=\u00a0\u00bboff\u00a0\u00bb use_custom_width=\u00a0\u00bboff\u00a0\u00bb width_unit=\u00a0\u00bbon\u00a0\u00bb make_equal=\u00a0\u00bboff\u00a0\u00bb use_custom_gutter=\u00a0\u00bboff\u00a0\u00bb module_class=\u00a0\u00bbpx_fullwidth_header_overlay\u00a0\u00bb custom_padding_tablet=\u00a0\u00bb50px|0|50px|0&Prime; custom_padding_last_edited=\u00a0\u00bbon|desktop\u00a0\u00bb prev_background_color=\u00a0\u00bb#000000&Prime; next_background_color=\u00a0\u00bb#000000&Prime; _builder_version=\u00a0\u00bb3.19.4&Prime;][et_pb_fullwidth_header scroll_down_icon=\u00a0\u00bb%%1%%\u00a0\u00bb background_overlay_color=\u00a0\u00bbrgba(0,0,0,0)\u00a0\u00bb title_font_size=\u00a0\u00bb45px\u00a0\u00bb content_font_size=\u00a0\u00bb18px\u00a0\u00bb subhead_font_size=\u00a0\u00bb25px\u00a0\u00bb scroll_down_icon_color=\u00a0\u00bb#ff7f00&Prime; background_image=\u00a0\u00bbhttp:\/\/macguff.com\/wp-content\/uploads\/2019\/02\/Facade.jpg\u00a0\u00bb title_text_color=\u00a0\u00bb#ff7f00&Prime; background_color=\u00a0\u00bbrgba(255, 255, 255, 0)\u00a0\u00bb _builder_version=\u00a0\u00bb3.19.4&Prime; button_one_text_size__hover_enabled=\u00a0\u00bboff\u00a0\u00bb button_one_text_size__hover=\u00a0\u00bbnull\u00a0\u00bb button_two_text_size__hover_enabled=\u00a0\u00bboff\u00a0\u00bb button_two_text_size__hover=\u00a0\u00bbnull\u00a0\u00bb button_one_text_color__hover_enabled=\u00a0\u00bboff\u00a0\u00bb button_one_text_color__hover=\u00a0\u00bbnull\u00a0\u00bb button_two_text_color__hover_enabled=\u00a0\u00bboff\u00a0\u00bb button_two_text_color__hover=\u00a0\u00bbnull\u00a0\u00bb button_one_border_width__hover_enabled=\u00a0\u00bboff\u00a0\u00bb button_one_border_width__hover=\u00a0\u00bbnull\u00a0\u00bb button_two_border_width__hover_enabled=\u00a0\u00bboff\u00a0\u00bb button_two_border_width__hover=\u00a0\u00bbnull\u00a0\u00bb button_one_border_color__hover_enabled=\u00a0\u00bboff\u00a0\u00bb button_one_border_color__hover=\u00a0\u00bbnull\u00a0\u00bb button_two_border_color__hover_enabled=\u00a0\u00bboff\u00a0\u00bb button_two_border_color__hover=\u00a0\u00bbnull\u00a0\u00bb button_one_border_radius__hover_enabled=\u00a0\u00bboff\u00a0\u00bb button_one_border_radius__hover=\u00a0\u00bbnull\u00a0\u00bb button_two_border_radius__hover_enabled=\u00a0\u00bboff\u00a0\u00bb button_two_border_radius__hover=\u00a0\u00bbnull\u00a0\u00bb button_one_letter_spacing__hover_enabled=\u00a0\u00bbon\u00a0\u00bb button_one_letter_spacing__hover=\u00a0\u00bb0&Prime; button_two_letter_spacing__hover_enabled=\u00a0\u00bbon\u00a0\u00bb button_two_letter_spacing__hover=\u00a0\u00bb0&Prime; button_one_bg_color__hover_enabled=\u00a0\u00bboff\u00a0\u00bb button_one_bg_color__hover=\u00a0\u00bbnull\u00a0\u00bb button_two_bg_color__hover_enabled=\u00a0\u00bboff\u00a0\u00bb button_two_bg_color__hover=\u00a0\u00bbnull\u00a0\u00bb max_width_tablet=\u00a0\u00bb50px\u00a0\u00bb scroll_down_icon_size=\u00a0\u00bb75px\u00a0\u00bb header_fullscreen=\u00a0\u00bbon\u00a0\u00bb image_orientation=\u00a0\u00bbbottom\u00a0\u00bb background_size=\u00a0\u00bbcontain\u00a0\u00bb background_repeat=\u00a0\u00bbrepeat-x\u00a0\u00bb parallax=\u00a0\u00bbon\u00a0\u00bb \/][\/et_pb_section][et_pb_section bb_built=\u00a0\u00bb1&Prime; admin_label=\u00a0\u00bbsection\u00a0\u00bb transparent_background=\u00a0\u00bboff\u00a0\u00bb background_color=\u00a0\u00bb#000000&Prime; allow_player_pause=\u00a0\u00bboff\u00a0\u00bb inner_shadow=\u00a0\u00bboff\u00a0\u00bb parallax=\u00a0\u00bbon\u00a0\u00bb parallax_method=\u00a0\u00bboff\u00a0\u00bb padding_mobile=\u00a0\u00bboff\u00a0\u00bb make_fullwidth=\u00a0\u00bboff\u00a0\u00bb use_custom_width=\u00a0\u00bboff\u00a0\u00bb width_unit=\u00a0\u00bbon\u00a0\u00bb make_equal=\u00a0\u00bboff\u00a0\u00bb use_custom_gutter=\u00a0\u00bboff\u00a0\u00bb custom_padding_tablet=\u00a0\u00bb50px|0|50px|0&Prime; custom_padding_last_edited=\u00a0\u00bbon|desktop\u00a0\u00bb prev_background_color=\u00a0\u00bb#ffffff\u00a0\u00bb][et_pb_row admin_label=\u00a0\u00bbrow\u00a0\u00bb make_fullwidth=\u00a0\u00bboff\u00a0\u00bb use_custom_width=\u00a0\u00bboff\u00a0\u00bb width_unit=\u00a0\u00bbon\u00a0\u00bb use_custom_gutter=\u00a0\u00bboff\u00a0\u00bb custom_padding=\u00a0\u00bb100px|100px|100px|100px\u00a0\u00bb padding_mobile=\u00a0\u00bboff\u00a0\u00bb allow_player_pause=\u00a0\u00bboff\u00a0\u00bb parallax=\u00a0\u00bboff\u00a0\u00bb parallax_method=\u00a0\u00bboff\u00a0\u00bb make_equal=\u00a0\u00bboff\u00a0\u00bb parallax_1=\u00a0\u00bboff\u00a0\u00bb parallax_method_1=\u00a0\u00bboff\u00a0\u00bb column_padding_mobile=\u00a0\u00bbon\u00a0\u00bb background_position=\u00a0\u00bbtop_left\u00a0\u00bb background_repeat=\u00a0\u00bbrepeat\u00a0\u00bb background_size=\u00a0\u00bbinitial\u00a0\u00bb][et_pb_column type=\u00a0\u00bb4_4&Prime;][et_pb_text text_orientation=\u00a0\u00bbcenter\u00a0\u00bb border_style=\u00a0\u00bbsolid\u00a0\u00bb background_position=\u00a0\u00bbtop_left\u00a0\u00bb background_repeat=\u00a0\u00bbrepeat\u00a0\u00bb background_size=\u00a0\u00bbinitial\u00a0\u00bb module_alignment=\u00a0\u00bbcenter\u00a0\u00bb _builder_version=\u00a0\u00bb3.19.4&Prime; header_font=\u00a0\u00bbRoboto Condensed||||||||\u00a0\u00bb header_font_size=\u00a0\u00bb39px\u00a0\u00bb]<\/p>\n<h1 style=\"color: #ff7f00;\">Want to be a part of the futur<\/h1>\n<p>[\/et_pb_text][et_pb_button admin_label=\u00a0\u00bbSmall Bouton\u00a0\u00bb saved_tabs=\u00a0\u00bball\u00a0\u00bb button_url=\u00a0\u00bbhttp:\/\/macguff.com\/be\/contact\/\u00a0\u00bb button_text=\u00a0\u00bbContact Us\u00a0\u00bb button_alignment=\u00a0\u00bbcenter\u00a0\u00bb custom_button=\u00a0\u00bbon\u00a0\u00bb button_text_size=\u00a0\u00bb25&Prime; button_text_color=\u00a0\u00bb#ff8800&Prime; button_bg_color=\u00a0\u00bbrgba(0,0,0,0)\u00a0\u00bb button_border_color=\u00a0\u00bb#ff8800&Prime; button_border_radius=\u00a0\u00bb0&Prime; button_use_icon=\u00a0\u00bboff\u00a0\u00bb button_icon=\u00a0\u00bb%%43%%\u00a0\u00bb button_icon_color=\u00a0\u00bb#333333&Prime; button_on_hover=\u00a0\u00bboff\u00a0\u00bb custom_css_main_element=\u00a0\u00bbpadding:0px 15px 0px 15px !important;\u00a0\u00bb button_text_size__hover_enabled=\u00a0\u00bboff\u00a0\u00bb button_text_size__hover=\u00a0\u00bbnull\u00a0\u00bb button_one_text_size__hover_enabled=\u00a0\u00bboff\u00a0\u00bb button_one_text_size__hover=\u00a0\u00bbnull\u00a0\u00bb button_two_text_size__hover_enabled=\u00a0\u00bboff\u00a0\u00bb button_two_text_size__hover=\u00a0\u00bbnull\u00a0\u00bb button_text_color__hover_enabled=\u00a0\u00bbon\u00a0\u00bb button_text_color__hover=\u00a0\u00bb#000000&Prime; button_one_text_color__hover_enabled=\u00a0\u00bboff\u00a0\u00bb button_one_text_color__hover=\u00a0\u00bbnull\u00a0\u00bb button_two_text_color__hover_enabled=\u00a0\u00bboff\u00a0\u00bb button_two_text_color__hover=\u00a0\u00bbnull\u00a0\u00bb button_border_width__hover_enabled=\u00a0\u00bboff\u00a0\u00bb button_border_width__hover=\u00a0\u00bbnull\u00a0\u00bb button_one_border_width__hover_enabled=\u00a0\u00bboff\u00a0\u00bb button_one_border_width__hover=\u00a0\u00bbnull\u00a0\u00bb button_two_border_width__hover_enabled=\u00a0\u00bboff\u00a0\u00bb button_two_border_width__hover=\u00a0\u00bbnull\u00a0\u00bb button_border_color__hover_enabled=\u00a0\u00bboff\u00a0\u00bb button_border_color__hover=\u00a0\u00bbnull\u00a0\u00bb button_one_border_color__hover_enabled=\u00a0\u00bboff\u00a0\u00bb button_one_border_color__hover=\u00a0\u00bbnull\u00a0\u00bb button_two_border_color__hover_enabled=\u00a0\u00bboff\u00a0\u00bb button_two_border_color__hover=\u00a0\u00bbnull\u00a0\u00bb button_border_radius__hover_enabled=\u00a0\u00bboff\u00a0\u00bb button_border_radius__hover=\u00a0\u00bbnull\u00a0\u00bb button_one_border_radius__hover_enabled=\u00a0\u00bboff\u00a0\u00bb button_one_border_radius__hover=\u00a0\u00bbnull\u00a0\u00bb button_two_border_radius__hover_enabled=\u00a0\u00bboff\u00a0\u00bb button_two_border_radius__hover=\u00a0\u00bbnull\u00a0\u00bb button_letter_spacing__hover_enabled=\u00a0\u00bbon\u00a0\u00bb button_letter_spacing__hover=\u00a0\u00bb0&Prime; button_one_letter_spacing__hover_enabled=\u00a0\u00bboff\u00a0\u00bb button_one_letter_spacing__hover=\u00a0\u00bbnull\u00a0\u00bb button_two_letter_spacing__hover_enabled=\u00a0\u00bboff\u00a0\u00bb button_two_letter_spacing__hover=\u00a0\u00bbnull\u00a0\u00bb button_bg_color__hover_enabled=\u00a0\u00bbon\u00a0\u00bb button_bg_color__hover=\u00a0\u00bb#ff6a00&Prime; button_one_bg_color__hover_enabled=\u00a0\u00bboff\u00a0\u00bb button_one_bg_color__hover=\u00a0\u00bbnull\u00a0\u00bb button_two_bg_color__hover_enabled=\u00a0\u00bboff\u00a0\u00bb button_two_bg_color__hover=\u00a0\u00bbnull\u00a0\u00bb _builder_version=\u00a0\u00bb3.19.4&Prime; button_font=\u00a0\u00bbRoboto Condensed||||||||\u00a0\u00bb \/][\/et_pb_column][\/et_pb_row][\/et_pb_section]<\/p>\n","protected":false},"excerpt":{"rendered":"<p>MAC GUFF BELGIUM combine talent with technology, artistry with rigor, the familiar with the fantastic. Our work can be inspiring or invisible, but always with respect of authors. Want to be a part of the futur<\/p>\n","protected":false},"author":3,"featured_media":0,"parent":0,"menu_order":0,"comment_status":"closed","ping_status":"closed","template":"","meta":{"_et_pb_use_builder":"on","_et_pb_old_content":"","_et_gb_content_width":"","footnotes":""},"class_list":["post-1255","page","type-page","status-publish","hentry"],"yoast_head":"<!-- This site is optimized with the Yoast SEO plugin v25.6 - https:\/\/yoast.com\/wordpress\/plugins\/seo\/ -->\n<title>A propos - Mac Guff - Studios de cr\u00e9ation d&#039;effets visuels num\u00e9riques<\/title>\n<meta name=\"description\" content=\"Mac Guff est l&#039;un des principaux studios de cr\u00e9ation d&#039;effets visuels num\u00e9riques en Europe. Il \u00e9tend sa pratique de l&#039;industrie cin\u00e9matographique \u00e0 la publicit\u00e9, des programmes TV aux clips musicaux.\" \/>\n<meta name=\"robots\" content=\"index, follow, max-snippet:-1, max-image-preview:large, max-video-preview:-1\" \/>\n<link rel=\"canonical\" href=\"https:\/\/macguff.com\/be\/a-propos\/\" \/>\n<meta property=\"og:locale\" content=\"fr_FR\" \/>\n<meta property=\"og:type\" content=\"article\" \/>\n<meta property=\"og:title\" content=\"A propos - Mac Guff - Studios de cr\u00e9ation d&#039;effets visuels num\u00e9riques\" \/>\n<meta property=\"og:description\" content=\"Mac Guff est l&#039;un des principaux studios de cr\u00e9ation d&#039;effets visuels num\u00e9riques en Europe. Il \u00e9tend sa pratique de l&#039;industrie cin\u00e9matographique \u00e0 la publicit\u00e9, des programmes TV aux clips musicaux.\" \/>\n<meta property=\"og:url\" content=\"https:\/\/macguff.com\/be\/a-propos\/\" \/>\n<meta property=\"og:site_name\" content=\"Mac Guff\" \/>\n<meta property=\"article:publisher\" content=\"https:\/\/www.facebook.com\/Mac-Guff-185867188132941\/\" \/>\n<meta property=\"article:modified_time\" content=\"2019-05-05T20:57:38+00:00\" \/>\n<meta name=\"twitter:card\" content=\"summary_large_image\" \/>\n<meta name=\"twitter:label1\" content=\"Dur\u00e9e de lecture est.\" \/>\n\t<meta name=\"twitter:data1\" content=\"7 minutes\" \/>\n<script type=\"application\/ld+json\" class=\"yoast-schema-graph\">{\"@context\":\"https:\/\/schema.org\",\"@graph\":[{\"@type\":\"WebPage\",\"@id\":\"https:\/\/macguff.com\/be\/a-propos\/\",\"url\":\"https:\/\/macguff.com\/be\/a-propos\/\",\"name\":\"A propos - Mac Guff - Studios de cr\u00e9ation d'effets visuels num\u00e9riques\",\"isPartOf\":{\"@id\":\"https:\/\/macguff.com\/#website\"},\"datePublished\":\"2019-02-10T21:18:52+00:00\",\"dateModified\":\"2019-05-05T20:57:38+00:00\",\"description\":\"Mac Guff est l'un des principaux studios de cr\u00e9ation d'effets visuels num\u00e9riques en Europe. Il \u00e9tend sa pratique de l'industrie cin\u00e9matographique \u00e0 la publicit\u00e9, des programmes TV aux clips musicaux.\",\"breadcrumb\":{\"@id\":\"https:\/\/macguff.com\/be\/a-propos\/#breadcrumb\"},\"inLanguage\":\"fr-BE\",\"potentialAction\":[{\"@type\":\"ReadAction\",\"target\":[\"https:\/\/macguff.com\/be\/a-propos\/\"]}]},{\"@type\":\"BreadcrumbList\",\"@id\":\"https:\/\/macguff.com\/be\/a-propos\/#breadcrumb\",\"itemListElement\":[{\"@type\":\"ListItem\",\"position\":1,\"name\":\"Accueil\",\"item\":\"https:\/\/macguff.com\/be\/\"},{\"@type\":\"ListItem\",\"position\":2,\"name\":\"A propos\"}]},{\"@type\":\"WebSite\",\"@id\":\"https:\/\/macguff.com\/#website\",\"url\":\"https:\/\/macguff.com\/\",\"name\":\"Mac Guff\",\"description\":\"Studios de cr\u00e9ation d'effets visuels num\u00e9riques\",\"potentialAction\":[{\"@type\":\"SearchAction\",\"target\":{\"@type\":\"EntryPoint\",\"urlTemplate\":\"https:\/\/macguff.com\/?s={search_term_string}\"},\"query-input\":{\"@type\":\"PropertyValueSpecification\",\"valueRequired\":true,\"valueName\":\"search_term_string\"}}],\"inLanguage\":\"fr-BE\"}]}<\/script>\n<!-- \/ Yoast SEO plugin. -->","yoast_head_json":{"title":"A propos - Mac Guff - Studios de cr\u00e9ation d'effets visuels num\u00e9riques","description":"Mac Guff est l'un des principaux studios de cr\u00e9ation d'effets visuels num\u00e9riques en Europe. Il \u00e9tend sa pratique de l'industrie cin\u00e9matographique \u00e0 la publicit\u00e9, des programmes TV aux clips musicaux.","robots":{"index":"index","follow":"follow","max-snippet":"max-snippet:-1","max-image-preview":"max-image-preview:large","max-video-preview":"max-video-preview:-1"},"canonical":"https:\/\/macguff.com\/be\/a-propos\/","og_locale":"fr_FR","og_type":"article","og_title":"A propos - Mac Guff - Studios de cr\u00e9ation d'effets visuels num\u00e9riques","og_description":"Mac Guff est l'un des principaux studios de cr\u00e9ation d'effets visuels num\u00e9riques en Europe. Il \u00e9tend sa pratique de l'industrie cin\u00e9matographique \u00e0 la publicit\u00e9, des programmes TV aux clips musicaux.","og_url":"https:\/\/macguff.com\/be\/a-propos\/","og_site_name":"Mac Guff","article_publisher":"https:\/\/www.facebook.com\/Mac-Guff-185867188132941\/","article_modified_time":"2019-05-05T20:57:38+00:00","twitter_card":"summary_large_image","twitter_misc":{"Dur\u00e9e de lecture est.":"7 minutes"},"schema":{"@context":"https:\/\/schema.org","@graph":[{"@type":"WebPage","@id":"https:\/\/macguff.com\/be\/a-propos\/","url":"https:\/\/macguff.com\/be\/a-propos\/","name":"A propos - Mac Guff - Studios de cr\u00e9ation d'effets visuels num\u00e9riques","isPartOf":{"@id":"https:\/\/macguff.com\/#website"},"datePublished":"2019-02-10T21:18:52+00:00","dateModified":"2019-05-05T20:57:38+00:00","description":"Mac Guff est l'un des principaux studios de cr\u00e9ation d'effets visuels num\u00e9riques en Europe. Il \u00e9tend sa pratique de l'industrie cin\u00e9matographique \u00e0 la publicit\u00e9, des programmes TV aux clips musicaux.","breadcrumb":{"@id":"https:\/\/macguff.com\/be\/a-propos\/#breadcrumb"},"inLanguage":"fr-BE","potentialAction":[{"@type":"ReadAction","target":["https:\/\/macguff.com\/be\/a-propos\/"]}]},{"@type":"BreadcrumbList","@id":"https:\/\/macguff.com\/be\/a-propos\/#breadcrumb","itemListElement":[{"@type":"ListItem","position":1,"name":"Accueil","item":"https:\/\/macguff.com\/be\/"},{"@type":"ListItem","position":2,"name":"A propos"}]},{"@type":"WebSite","@id":"https:\/\/macguff.com\/#website","url":"https:\/\/macguff.com\/","name":"Mac Guff","description":"Studios de cr\u00e9ation d'effets visuels num\u00e9riques","potentialAction":[{"@type":"SearchAction","target":{"@type":"EntryPoint","urlTemplate":"https:\/\/macguff.com\/?s={search_term_string}"},"query-input":{"@type":"PropertyValueSpecification","valueRequired":true,"valueName":"search_term_string"}}],"inLanguage":"fr-BE"}]}},"_links":{"self":[{"href":"https:\/\/macguff.com\/be\/wp-json\/wp\/v2\/pages\/1255\/"}],"collection":[{"href":"https:\/\/macguff.com\/be\/wp-json\/wp\/v2\/pages\/"}],"about":[{"href":"https:\/\/macguff.com\/be\/wp-json\/wp\/v2\/types\/page\/"}],"author":[{"embeddable":true,"href":"https:\/\/macguff.com\/be\/wp-json\/wp\/v2\/users\/3\/"}],"replies":[{"embeddable":true,"href":"https:\/\/macguff.com\/be\/wp-json\/wp\/v2\/comments\/?post=1255"}],"version-history":[{"count":4,"href":"https:\/\/macguff.com\/be\/wp-json\/wp\/v2\/pages\/1255\/revisions\/"}],"predecessor-version":[{"id":3295,"href":"https:\/\/macguff.com\/be\/wp-json\/wp\/v2\/pages\/1255\/revisions\/3295\/"}],"wp:attachment":[{"href":"https:\/\/macguff.com\/be\/wp-json\/wp\/v2\/media\/?parent=1255"}],"curies":[{"name":"wp","href":"https:\/\/api.w.org\/{rel}","templated":true}]}}