{"id":5560,"date":"2024-08-28T19:13:52","date_gmt":"2024-08-28T17:13:52","guid":{"rendered":"https:\/\/macguff.com\/?page_id=5560"},"modified":"2024-08-28T19:13:54","modified_gmt":"2024-08-28T17:13:54","slug":"animation","status":"publish","type":"page","link":"https:\/\/macguff.com\/be\/animation\/","title":{"rendered":"Animation"},"content":{"rendered":"<p>[et_pb_section fb_built=\u00a0\u00bb1&Prime; fullwidth=\u00a0\u00bbon\u00a0\u00bb _builder_version=\u00a0\u00bb4.23&Prime; _module_preset=\u00a0\u00bbdefault\u00a0\u00bb global_colors_info=\u00a0\u00bb{}\u00a0\u00bb theme_builder_area=\u00a0\u00bbpost_content\u00a0\u00bb][et_pb_fullwidth_header title=\u00a0\u00bbMAC GUFF BELGIUM\u00a0\u00bb subhead=\u00a0\u00bbAnimation\u00a0\u00bb header_fullscreen=\u00a0\u00bbon\u00a0\u00bb header_scroll_down=\u00a0\u00bbon\u00a0\u00bb scroll_down_icon=\u00a0\u00bb%%1%%\u00a0\u00bb scroll_down_icon_color=\u00a0\u00bb#ff8800&Prime; scroll_down_icon_size=\u00a0\u00bb75px\u00a0\u00bb module_class=\u00a0\u00bbpx_fullwidth_header_overlay\u00a0\u00bb _builder_version=\u00a0\u00bb4.25.1&Prime; _module_preset=\u00a0\u00bbdefault\u00a0\u00bb title_font=\u00a0\u00bbTrebuchet||||||||\u00a0\u00bb title_font_size=\u00a0\u00bb45px\u00a0\u00bb title_letter_spacing=\u00a0\u00bb2px\u00a0\u00bb subhead_font=\u00a0\u00bbRoboto Condensed||||||||\u00a0\u00bb subhead_font_size=\u00a0\u00bb38px\u00a0\u00bb subhead_line_height=\u00a0\u00bb1.5em\u00a0\u00bb background_color=\u00a0\u00bbrgba(255, 255, 255, 0)\u00a0\u00bb background_image=\u00a0\u00bbhttps:\/\/macguff.com\/wp-content\/uploads\/2023\/11\/80days_Animation.jpg\u00a0\u00bb parallax=\u00a0\u00bbon\u00a0\u00bb max_width_tablet=\u00a0\u00bb50px\u00a0\u00bb hover_enabled=\u00a0\u00bb0&Prime; custom_css_title=\u00a0\u00bbcolor:#ff7f00 !important;\u00a0\u00bb global_colors_info=\u00a0\u00bb{}\u00a0\u00bb button_one_text_size__hover_enabled=\u00a0\u00bboff\u00a0\u00bb button_one_text_size__hover=\u00a0\u00bbnull\u00a0\u00bb button_two_text_size__hover_enabled=\u00a0\u00bboff\u00a0\u00bb button_two_text_size__hover=\u00a0\u00bbnull\u00a0\u00bb button_one_text_color__hover_enabled=\u00a0\u00bboff\u00a0\u00bb button_one_text_color__hover=\u00a0\u00bbnull\u00a0\u00bb button_two_text_color__hover_enabled=\u00a0\u00bboff\u00a0\u00bb button_two_text_color__hover=\u00a0\u00bbnull\u00a0\u00bb button_one_border_width__hover_enabled=\u00a0\u00bboff\u00a0\u00bb button_one_border_width__hover=\u00a0\u00bbnull\u00a0\u00bb button_two_border_width__hover_enabled=\u00a0\u00bboff\u00a0\u00bb button_two_border_width__hover=\u00a0\u00bbnull\u00a0\u00bb button_one_border_color__hover_enabled=\u00a0\u00bboff\u00a0\u00bb button_one_border_color__hover=\u00a0\u00bbnull\u00a0\u00bb button_two_border_color__hover_enabled=\u00a0\u00bboff\u00a0\u00bb button_two_border_color__hover=\u00a0\u00bbnull\u00a0\u00bb button_one_border_radius__hover_enabled=\u00a0\u00bboff\u00a0\u00bb button_one_border_radius__hover=\u00a0\u00bbnull\u00a0\u00bb button_two_border_radius__hover_enabled=\u00a0\u00bboff\u00a0\u00bb button_two_border_radius__hover=\u00a0\u00bbnull\u00a0\u00bb button_one_letter_spacing__hover_enabled=\u00a0\u00bbon\u00a0\u00bb button_one_letter_spacing__hover=\u00a0\u00bb0&Prime; button_two_letter_spacing__hover_enabled=\u00a0\u00bbon\u00a0\u00bb button_two_letter_spacing__hover=\u00a0\u00bb0&Prime; button_one_bg_color__hover_enabled=\u00a0\u00bboff\u00a0\u00bb button_one_bg_color__hover=\u00a0\u00bbnull\u00a0\u00bb button_two_bg_color__hover_enabled=\u00a0\u00bboff\u00a0\u00bb button_two_bg_color__hover=\u00a0\u00bbnull\u00a0\u00bb theme_builder_area=\u00a0\u00bbpost_content\u00a0\u00bb sticky_enabled=\u00a0\u00bb0&Prime;][\/et_pb_fullwidth_header][\/et_pb_section][et_pb_section fb_built=\u00a0\u00bb1&Prime; _builder_version=\u00a0\u00bb4.16&Prime; _module_preset=\u00a0\u00bbdefault\u00a0\u00bb background_color=\u00a0\u00bb#000000&Prime; global_colors_info=\u00a0\u00bb{}\u00a0\u00bb theme_builder_area=\u00a0\u00bbpost_content\u00a0\u00bb][et_pb_row _builder_version=\u00a0\u00bb4.16&Prime; _module_preset=\u00a0\u00bbdefault\u00a0\u00bb background_size=\u00a0\u00bbinitial\u00a0\u00bb background_position=\u00a0\u00bbtop_left\u00a0\u00bb background_repeat=\u00a0\u00bbrepeat\u00a0\u00bb global_colors_info=\u00a0\u00bb{}\u00a0\u00bb theme_builder_area=\u00a0\u00bbpost_content\u00a0\u00bb][et_pb_column type=\u00a0\u00bb4_4&Prime; _builder_version=\u00a0\u00bb4.16&Prime; _module_preset=\u00a0\u00bbdefault\u00a0\u00bb custom_padding=\u00a0\u00bb|||\u00a0\u00bb global_colors_info=\u00a0\u00bb{}\u00a0\u00bb custom_padding__hover=\u00a0\u00bb|||\u00a0\u00bb theme_builder_area=\u00a0\u00bbpost_content\u00a0\u00bb][et_pb_portfolio custom_css_overlay=\u00a0\u00bb  transform: scale(1.06) !important;||\u00a0\u00bb posts_number=\u00a0\u00bb100&Prime; include_categories=\u00a0\u00bb49&Prime; hover_icon=\u00a0\u00bb&#x4c;||divi||400&Prime; _builder_version=\u00a0\u00bb4.24.2&Prime; _module_preset=\u00a0\u00bb_initial\u00a0\u00bb global_colors_info=\u00a0\u00bb{}\u00a0\u00bb theme_builder_area=\u00a0\u00bbpost_content\u00a0\u00bb][\/et_pb_portfolio][\/et_pb_column][\/et_pb_row][\/et_pb_section]<\/p>\n","protected":false},"excerpt":{"rendered":"","protected":false},"author":4,"featured_media":0,"parent":0,"menu_order":0,"comment_status":"closed","ping_status":"closed","template":"","meta":{"_et_pb_use_builder":"on","_et_pb_old_content":"","_et_gb_content_width":"","footnotes":""},"class_list":["post-5560","page","type-page","status-publish","hentry"],"yoast_head":"<!-- This site is optimized with the Yoast SEO plugin v25.6 - https:\/\/yoast.com\/wordpress\/plugins\/seo\/ -->\n<title>Animation - Mac Guff - Studios de cr\u00e9ation d&#039;effets visuels num\u00e9riques<\/title>\n<meta name=\"description\" content=\"Mac Guff est l&#039;un des principaux studios de cr\u00e9ation d&#039;effets visuels num\u00e9riques en Europe. Il \u00e9tend sa pratique de l&#039;industrie cin\u00e9matographique \u00e0 la publicit\u00e9, des programmes TV aux clips musicaux.\" \/>\n<meta name=\"robots\" content=\"index, follow, max-snippet:-1, max-image-preview:large, max-video-preview:-1\" \/>\n<link rel=\"canonical\" href=\"https:\/\/macguff.com\/be\/animation\/\" \/>\n<meta property=\"og:locale\" content=\"fr_FR\" \/>\n<meta property=\"og:type\" content=\"article\" \/>\n<meta property=\"og:title\" content=\"Animation - Mac Guff - Studios de cr\u00e9ation d&#039;effets visuels num\u00e9riques\" \/>\n<meta property=\"og:description\" content=\"Mac Guff est l&#039;un des principaux studios de cr\u00e9ation d&#039;effets visuels num\u00e9riques en Europe. Il \u00e9tend sa pratique de l&#039;industrie cin\u00e9matographique \u00e0 la publicit\u00e9, des programmes TV aux clips musicaux.\" \/>\n<meta property=\"og:url\" content=\"https:\/\/macguff.com\/be\/animation\/\" \/>\n<meta property=\"og:site_name\" content=\"Mac Guff\" \/>\n<meta property=\"article:publisher\" content=\"https:\/\/www.facebook.com\/Mac-Guff-185867188132941\/\" \/>\n<meta property=\"article:modified_time\" content=\"2024-08-28T17:13:54+00:00\" \/>\n<meta name=\"twitter:card\" content=\"summary_large_image\" \/>\n<meta name=\"twitter:label1\" content=\"Dur\u00e9e de lecture est.\" \/>\n\t<meta name=\"twitter:data1\" content=\"1 minute\" \/>\n<script type=\"application\/ld+json\" class=\"yoast-schema-graph\">{\"@context\":\"https:\/\/schema.org\",\"@graph\":[{\"@type\":\"WebPage\",\"@id\":\"https:\/\/macguff.com\/be\/animation\/\",\"url\":\"https:\/\/macguff.com\/be\/animation\/\",\"name\":\"Animation - Mac Guff - Studios de cr\u00e9ation d'effets visuels num\u00e9riques\",\"isPartOf\":{\"@id\":\"https:\/\/macguff.com\/#website\"},\"datePublished\":\"2024-08-28T17:13:52+00:00\",\"dateModified\":\"2024-08-28T17:13:54+00:00\",\"description\":\"Mac Guff est l'un des principaux studios de cr\u00e9ation d'effets visuels num\u00e9riques en Europe. Il \u00e9tend sa pratique de l'industrie cin\u00e9matographique \u00e0 la publicit\u00e9, des programmes TV aux clips musicaux.\",\"breadcrumb\":{\"@id\":\"https:\/\/macguff.com\/be\/animation\/#breadcrumb\"},\"inLanguage\":\"fr-BE\",\"potentialAction\":[{\"@type\":\"ReadAction\",\"target\":[\"https:\/\/macguff.com\/be\/animation\/\"]}]},{\"@type\":\"BreadcrumbList\",\"@id\":\"https:\/\/macguff.com\/be\/animation\/#breadcrumb\",\"itemListElement\":[{\"@type\":\"ListItem\",\"position\":1,\"name\":\"Accueil\",\"item\":\"https:\/\/macguff.com\/be\/\"},{\"@type\":\"ListItem\",\"position\":2,\"name\":\"Animation\"}]},{\"@type\":\"WebSite\",\"@id\":\"https:\/\/macguff.com\/#website\",\"url\":\"https:\/\/macguff.com\/\",\"name\":\"Mac Guff\",\"description\":\"Studios de cr\u00e9ation d'effets visuels num\u00e9riques\",\"potentialAction\":[{\"@type\":\"SearchAction\",\"target\":{\"@type\":\"EntryPoint\",\"urlTemplate\":\"https:\/\/macguff.com\/?s={search_term_string}\"},\"query-input\":{\"@type\":\"PropertyValueSpecification\",\"valueRequired\":true,\"valueName\":\"search_term_string\"}}],\"inLanguage\":\"fr-BE\"}]}<\/script>\n<!-- \/ Yoast SEO plugin. -->","yoast_head_json":{"title":"Animation - Mac Guff - Studios de cr\u00e9ation d'effets visuels num\u00e9riques","description":"Mac Guff est l'un des principaux studios de cr\u00e9ation d'effets visuels num\u00e9riques en Europe. Il \u00e9tend sa pratique de l'industrie cin\u00e9matographique \u00e0 la publicit\u00e9, des programmes TV aux clips musicaux.","robots":{"index":"index","follow":"follow","max-snippet":"max-snippet:-1","max-image-preview":"max-image-preview:large","max-video-preview":"max-video-preview:-1"},"canonical":"https:\/\/macguff.com\/be\/animation\/","og_locale":"fr_FR","og_type":"article","og_title":"Animation - Mac Guff - Studios de cr\u00e9ation d'effets visuels num\u00e9riques","og_description":"Mac Guff est l'un des principaux studios de cr\u00e9ation d'effets visuels num\u00e9riques en Europe. Il \u00e9tend sa pratique de l'industrie cin\u00e9matographique \u00e0 la publicit\u00e9, des programmes TV aux clips musicaux.","og_url":"https:\/\/macguff.com\/be\/animation\/","og_site_name":"Mac Guff","article_publisher":"https:\/\/www.facebook.com\/Mac-Guff-185867188132941\/","article_modified_time":"2024-08-28T17:13:54+00:00","twitter_card":"summary_large_image","twitter_misc":{"Dur\u00e9e de lecture est.":"1 minute"},"schema":{"@context":"https:\/\/schema.org","@graph":[{"@type":"WebPage","@id":"https:\/\/macguff.com\/be\/animation\/","url":"https:\/\/macguff.com\/be\/animation\/","name":"Animation - Mac Guff - Studios de cr\u00e9ation d'effets visuels num\u00e9riques","isPartOf":{"@id":"https:\/\/macguff.com\/#website"},"datePublished":"2024-08-28T17:13:52+00:00","dateModified":"2024-08-28T17:13:54+00:00","description":"Mac Guff est l'un des principaux studios de cr\u00e9ation d'effets visuels num\u00e9riques en Europe. Il \u00e9tend sa pratique de l'industrie cin\u00e9matographique \u00e0 la publicit\u00e9, des programmes TV aux clips musicaux.","breadcrumb":{"@id":"https:\/\/macguff.com\/be\/animation\/#breadcrumb"},"inLanguage":"fr-BE","potentialAction":[{"@type":"ReadAction","target":["https:\/\/macguff.com\/be\/animation\/"]}]},{"@type":"BreadcrumbList","@id":"https:\/\/macguff.com\/be\/animation\/#breadcrumb","itemListElement":[{"@type":"ListItem","position":1,"name":"Accueil","item":"https:\/\/macguff.com\/be\/"},{"@type":"ListItem","position":2,"name":"Animation"}]},{"@type":"WebSite","@id":"https:\/\/macguff.com\/#website","url":"https:\/\/macguff.com\/","name":"Mac Guff","description":"Studios de cr\u00e9ation d'effets visuels num\u00e9riques","potentialAction":[{"@type":"SearchAction","target":{"@type":"EntryPoint","urlTemplate":"https:\/\/macguff.com\/?s={search_term_string}"},"query-input":{"@type":"PropertyValueSpecification","valueRequired":true,"valueName":"search_term_string"}}],"inLanguage":"fr-BE"}]}},"_links":{"self":[{"href":"https:\/\/macguff.com\/be\/wp-json\/wp\/v2\/pages\/5560\/"}],"collection":[{"href":"https:\/\/macguff.com\/be\/wp-json\/wp\/v2\/pages\/"}],"about":[{"href":"https:\/\/macguff.com\/be\/wp-json\/wp\/v2\/types\/page\/"}],"author":[{"embeddable":true,"href":"https:\/\/macguff.com\/be\/wp-json\/wp\/v2\/users\/4\/"}],"replies":[{"embeddable":true,"href":"https:\/\/macguff.com\/be\/wp-json\/wp\/v2\/comments\/?post=5560"}],"version-history":[{"count":2,"href":"https:\/\/macguff.com\/be\/wp-json\/wp\/v2\/pages\/5560\/revisions\/"}],"predecessor-version":[{"id":5563,"href":"https:\/\/macguff.com\/be\/wp-json\/wp\/v2\/pages\/5560\/revisions\/5563\/"}],"wp:attachment":[{"href":"https:\/\/macguff.com\/be\/wp-json\/wp\/v2\/media\/?parent=5560"}],"curies":[{"name":"wp","href":"https:\/\/api.w.org\/{rel}","templated":true}]}}