{"id":1257,"date":"2019-02-10T22:22:00","date_gmt":"2019-02-10T21:22:00","guid":{"rendered":"http:\/\/macguff.com\/?page_id=1257"},"modified":"2020-02-27T16:38:27","modified_gmt":"2020-02-27T15:38:27","slug":"contact","status":"publish","type":"page","link":"https:\/\/macguff.com\/fr\/contact\/","title":{"rendered":"Contact"},"content":{"rendered":"<p>[et_pb_section fb_built=\u00a0\u00bb1&Prime; fullwidth=\u00a0\u00bbon\u00a0\u00bb custom_padding_last_edited=\u00a0\u00bbon|desktop\u00a0\u00bb module_class=\u00a0\u00bbpx_fullwidth_header_overlay\u00a0\u00bb _builder_version=\u00a0\u00bb3.0.74&Prime; custom_padding_tablet=\u00a0\u00bb50px|0|50px|0&Prime; transparent_background=\u00a0\u00bboff\u00a0\u00bb padding_mobile=\u00a0\u00bboff\u00a0\u00bb][et_pb_fullwidth_header title=\u00a0\u00bbMAC GUFF\u00a0\u00bb subhead=\u00a0\u00bbContact\u00a0\u00bb header_fullscreen=\u00a0\u00bbon\u00a0\u00bb header_scroll_down=\u00a0\u00bbon\u00a0\u00bb scroll_down_icon=\u00a0\u00bb%%1%%\u00a0\u00bb scroll_down_icon_color=\u00a0\u00bb#ff7f00&Prime; scroll_down_icon_size=\u00a0\u00bb75px\u00a0\u00bb background_overlay_color=\u00a0\u00bbrgba(0,0,0,0.17)\u00a0\u00bb _builder_version=\u00a0\u00bb3.19.4&Prime; title_font=\u00a0\u00bbTrebuchet||||||||\u00a0\u00bb title_text_color=\u00a0\u00bb#ff8800&Prime; title_font_size=\u00a0\u00bb45px\u00a0\u00bb title_letter_spacing=\u00a0\u00bb2px\u00a0\u00bb content_font_size=\u00a0\u00bb18px\u00a0\u00bb subhead_font=\u00a0\u00bbRoboto Condensed||||||||\u00a0\u00bb subhead_font_size=\u00a0\u00bb32px\u00a0\u00bb subhead_line_height=\u00a0\u00bb1.3em\u00a0\u00bb background_color=\u00a0\u00bbrgba(255, 255, 255, 0)\u00a0\u00bb background_image=\u00a0\u00bbhttp:\/\/macguff.com\/wp-content\/uploads\/2018\/11\/Office1.jpg\u00a0\u00bb parallax=\u00a0\u00bbon\u00a0\u00bb max_width_tablet=\u00a0\u00bb50px\u00a0\u00bb custom_css_title=\u00a0\u00bbcolor:#ff7f00;\u00a0\u00bb custom_css_scroll_button=\u00a0\u00bbcolor:#ff7f00;\u00a0\u00bb button_one_text_size__hover_enabled=\u00a0\u00bboff\u00a0\u00bb button_one_text_size__hover=\u00a0\u00bbnull\u00a0\u00bb button_two_text_size__hover_enabled=\u00a0\u00bboff\u00a0\u00bb button_two_text_size__hover=\u00a0\u00bbnull\u00a0\u00bb button_one_text_color__hover_enabled=\u00a0\u00bboff\u00a0\u00bb button_one_text_color__hover=\u00a0\u00bbnull\u00a0\u00bb button_two_text_color__hover_enabled=\u00a0\u00bboff\u00a0\u00bb button_two_text_color__hover=\u00a0\u00bbnull\u00a0\u00bb button_one_border_width__hover_enabled=\u00a0\u00bboff\u00a0\u00bb button_one_border_width__hover=\u00a0\u00bbnull\u00a0\u00bb button_two_border_width__hover_enabled=\u00a0\u00bboff\u00a0\u00bb button_two_border_width__hover=\u00a0\u00bbnull\u00a0\u00bb button_one_border_color__hover_enabled=\u00a0\u00bboff\u00a0\u00bb button_one_border_color__hover=\u00a0\u00bbnull\u00a0\u00bb button_two_border_color__hover_enabled=\u00a0\u00bboff\u00a0\u00bb button_two_border_color__hover=\u00a0\u00bbnull\u00a0\u00bb button_one_border_radius__hover_enabled=\u00a0\u00bboff\u00a0\u00bb button_one_border_radius__hover=\u00a0\u00bbnull\u00a0\u00bb button_two_border_radius__hover_enabled=\u00a0\u00bboff\u00a0\u00bb button_two_border_radius__hover=\u00a0\u00bbnull\u00a0\u00bb button_one_letter_spacing__hover_enabled=\u00a0\u00bbon\u00a0\u00bb button_one_letter_spacing__hover=\u00a0\u00bb0&Prime; button_two_letter_spacing__hover_enabled=\u00a0\u00bbon\u00a0\u00bb button_two_letter_spacing__hover=\u00a0\u00bb0&Prime; button_one_bg_color__hover_enabled=\u00a0\u00bboff\u00a0\u00bb button_one_bg_color__hover=\u00a0\u00bbnull\u00a0\u00bb button_two_bg_color__hover_enabled=\u00a0\u00bboff\u00a0\u00bb button_two_bg_color__hover=\u00a0\u00bbnull\u00a0\u00bb][\/et_pb_fullwidth_header][\/et_pb_section][et_pb_section fb_built=\u00a0\u00bb1&Prime; custom_padding_last_edited=\u00a0\u00bbon|desktop\u00a0\u00bb admin_label=\u00a0\u00bbsection\u00a0\u00bb _builder_version=\u00a0\u00bb3.0.74&Prime; background_color=\u00a0\u00bb#000000&Prime; custom_padding_tablet=\u00a0\u00bb50px|0|50px|0&Prime; transparent_background=\u00a0\u00bboff\u00a0\u00bb padding_mobile=\u00a0\u00bboff\u00a0\u00bb][et_pb_row admin_label=\u00a0\u00bbrow\u00a0\u00bb _builder_version=\u00a0\u00bb3.0.47&Prime; background_size=\u00a0\u00bbinitial\u00a0\u00bb background_position=\u00a0\u00bbtop_left\u00a0\u00bb background_repeat=\u00a0\u00bbrepeat\u00a0\u00bb][et_pb_column type=\u00a0\u00bb2_3&Prime; _builder_version=\u00a0\u00bb3.0.47&Prime; parallax=\u00a0\u00bboff\u00a0\u00bb parallax_method=\u00a0\u00bbon\u00a0\u00bb][et_pb_text _builder_version=\u00a0\u00bb3.19.4&Prime; text_font=\u00a0\u00bbRoboto Condensed||||||||\u00a0\u00bb text_text_color=\u00a0\u00bb#cccccc\u00a0\u00bb text_font_size=\u00a0\u00bb27px\u00a0\u00bb header_text_color=\u00a0\u00bb#ff7f00&Prime; header_2_text_color=\u00a0\u00bb#ffffff\u00a0\u00bb header_3_font=\u00a0\u00bbRoboto Condensed||||||||\u00a0\u00bb header_3_text_color=\u00a0\u00bb#ffffff\u00a0\u00bb header_3_font_size=\u00a0\u00bb24px\u00a0\u00bb header_4_font=\u00a0\u00bbRoboto Condensed||||||||\u00a0\u00bb header_4_text_color=\u00a0\u00bb#ff8800&Prime; header_4_font_size=\u00a0\u00bb26px\u00a0\u00bb background_size=\u00a0\u00bbinitial\u00a0\u00bb background_position=\u00a0\u00bbtop_left\u00a0\u00bb background_repeat=\u00a0\u00bbrepeat\u00a0\u00bb]<\/p>\n<h4>LONGS M\u00c9TRAGES<\/h4>\n<h3>vfx@macguff.fr<\/h3>\n<h4>DOCUMENTAIRES &amp; S\u00c9RIES<\/h4>\n<h3>tv@macguff.fr<\/h3>\n<h4>PUBLICIT\u00c9<\/h4>\n<h3>pub@macguff.fr<\/h3>\n<p>[\/et_pb_text][\/et_pb_column][et_pb_column type=\u00a0\u00bb1_3&Prime; _builder_version=\u00a0\u00bb3.0.47&Prime; parallax=\u00a0\u00bboff\u00a0\u00bb parallax_method=\u00a0\u00bbon\u00a0\u00bb][et_pb_text _builder_version=\u00a0\u00bb3.19.4&Prime; text_font=\u00a0\u00bbRoboto Condensed||||||||\u00a0\u00bb text_text_color=\u00a0\u00bb#cccccc\u00a0\u00bb text_font_size=\u00a0\u00bb27px\u00a0\u00bb header_text_color=\u00a0\u00bb#ff7f00&Prime; header_2_text_color=\u00a0\u00bb#ffffff\u00a0\u00bb header_3_font=\u00a0\u00bbRoboto Condensed||||||||\u00a0\u00bb header_3_text_color=\u00a0\u00bb#ffffff\u00a0\u00bb header_3_font_size=\u00a0\u00bb24px\u00a0\u00bb header_4_font=\u00a0\u00bbRoboto Condensed||||||||\u00a0\u00bb header_4_text_color=\u00a0\u00bb#ff8800&Prime; header_4_font_size=\u00a0\u00bb26px\u00a0\u00bb background_size=\u00a0\u00bbinitial\u00a0\u00bb background_position=\u00a0\u00bbtop_left\u00a0\u00bb background_repeat=\u00a0\u00bbrepeat\u00a0\u00bb]<\/p>\n<h4>Adresse :<\/h4>\n<h3>MAC GUFF<\/h3>\n<h3>6, rue de la cavalerie<\/h3>\n<h3>75015 Paris<\/h3>\n<h4>Tel :<\/h4>\n<h3>+33 (0) 1 53 58 46 46<\/h3>\n<p>[\/et_pb_text][\/et_pb_column][\/et_pb_row][\/et_pb_section]<\/p>\n","protected":false},"excerpt":{"rendered":"<p>LONGS M\u00c9TRAGES vfx@macguff.fr DOCUMENTAIRES &amp; S\u00c9RIES tv@macguff.fr PUBLICIT\u00c9 pub@macguff.frAdresse : MAC GUFF 6, rue de la cavalerie 75015 Paris Tel : +33 (0) 1 53 58 46 46<\/p>\n","protected":false},"author":3,"featured_media":0,"parent":0,"menu_order":0,"comment_status":"closed","ping_status":"closed","template":"","meta":{"_et_pb_use_builder":"on","_et_pb_old_content":"","_et_gb_content_width":"","footnotes":""},"class_list":["post-1257","page","type-page","status-publish","hentry"],"yoast_head":"<!-- This site is optimized with the Yoast SEO plugin v25.6 - https:\/\/yoast.com\/wordpress\/plugins\/seo\/ -->\n<title>Contact - Mac Guff - Studios de cr\u00e9ation d&#039;effets visuels num\u00e9riques<\/title>\n<meta name=\"description\" content=\"Mac Guff est l&#039;un des principaux studios de cr\u00e9ation d&#039;effets visuels num\u00e9riques en Europe. Il \u00e9tend sa pratique de l&#039;industrie cin\u00e9matographique \u00e0 la publicit\u00e9, des programmes TV aux clips musicaux.\" \/>\n<meta name=\"robots\" content=\"index, follow, max-snippet:-1, max-image-preview:large, max-video-preview:-1\" \/>\n<link rel=\"canonical\" href=\"https:\/\/macguff.com\/fr\/contact\/\" \/>\n<meta property=\"og:locale\" content=\"fr_FR\" \/>\n<meta property=\"og:type\" content=\"article\" \/>\n<meta property=\"og:title\" content=\"Contact - Mac Guff - Studios de cr\u00e9ation d&#039;effets visuels num\u00e9riques\" \/>\n<meta property=\"og:description\" content=\"Mac Guff est l&#039;un des principaux studios de cr\u00e9ation d&#039;effets visuels num\u00e9riques en Europe. Il \u00e9tend sa pratique de l&#039;industrie cin\u00e9matographique \u00e0 la publicit\u00e9, des programmes TV aux clips musicaux.\" \/>\n<meta property=\"og:url\" content=\"https:\/\/macguff.com\/fr\/contact\/\" \/>\n<meta property=\"og:site_name\" content=\"Mac Guff\" \/>\n<meta property=\"article:publisher\" content=\"https:\/\/www.facebook.com\/Mac-Guff-185867188132941\/\" \/>\n<meta property=\"article:modified_time\" content=\"2020-02-27T15:38:27+00:00\" \/>\n<meta name=\"twitter:card\" content=\"summary_large_image\" \/>\n<meta name=\"twitter:label1\" content=\"Dur\u00e9e de lecture estim\u00e9e\" \/>\n\t<meta name=\"twitter:data1\" content=\"3 minutes\" \/>\n<script type=\"application\/ld+json\" class=\"yoast-schema-graph\">{\"@context\":\"https:\/\/schema.org\",\"@graph\":[{\"@type\":\"WebPage\",\"@id\":\"https:\/\/macguff.com\/fr\/contact\/\",\"url\":\"https:\/\/macguff.com\/fr\/contact\/\",\"name\":\"Contact - Mac Guff - Studios de cr\u00e9ation d'effets visuels num\u00e9riques\",\"isPartOf\":{\"@id\":\"https:\/\/macguff.com\/#website\"},\"datePublished\":\"2019-02-10T21:22:00+00:00\",\"dateModified\":\"2020-02-27T15:38:27+00:00\",\"description\":\"Mac Guff est l'un des principaux studios de cr\u00e9ation d'effets visuels num\u00e9riques en Europe. Il \u00e9tend sa pratique de l'industrie cin\u00e9matographique \u00e0 la publicit\u00e9, des programmes TV aux clips musicaux.\",\"breadcrumb\":{\"@id\":\"https:\/\/macguff.com\/fr\/contact\/#breadcrumb\"},\"inLanguage\":\"fr-FR\",\"potentialAction\":[{\"@type\":\"ReadAction\",\"target\":[\"https:\/\/macguff.com\/fr\/contact\/\"]}]},{\"@type\":\"BreadcrumbList\",\"@id\":\"https:\/\/macguff.com\/fr\/contact\/#breadcrumb\",\"itemListElement\":[{\"@type\":\"ListItem\",\"position\":1,\"name\":\"Accueil\",\"item\":\"https:\/\/macguff.com\/\"},{\"@type\":\"ListItem\",\"position\":2,\"name\":\"Contact\"}]},{\"@type\":\"WebSite\",\"@id\":\"https:\/\/macguff.com\/#website\",\"url\":\"https:\/\/macguff.com\/\",\"name\":\"Mac Guff\",\"description\":\"Studios de cr\u00e9ation d'effets visuels num\u00e9riques\",\"potentialAction\":[{\"@type\":\"SearchAction\",\"target\":{\"@type\":\"EntryPoint\",\"urlTemplate\":\"https:\/\/macguff.com\/?s={search_term_string}\"},\"query-input\":{\"@type\":\"PropertyValueSpecification\",\"valueRequired\":true,\"valueName\":\"search_term_string\"}}],\"inLanguage\":\"fr-FR\"}]}<\/script>\n<!-- \/ Yoast SEO plugin. -->","yoast_head_json":{"title":"Contact - Mac Guff - Studios de cr\u00e9ation d'effets visuels num\u00e9riques","description":"Mac Guff est l'un des principaux studios de cr\u00e9ation d'effets visuels num\u00e9riques en Europe. Il \u00e9tend sa pratique de l'industrie cin\u00e9matographique \u00e0 la publicit\u00e9, des programmes TV aux clips musicaux.","robots":{"index":"index","follow":"follow","max-snippet":"max-snippet:-1","max-image-preview":"max-image-preview:large","max-video-preview":"max-video-preview:-1"},"canonical":"https:\/\/macguff.com\/fr\/contact\/","og_locale":"fr_FR","og_type":"article","og_title":"Contact - Mac Guff - Studios de cr\u00e9ation d'effets visuels num\u00e9riques","og_description":"Mac Guff est l'un des principaux studios de cr\u00e9ation d'effets visuels num\u00e9riques en Europe. Il \u00e9tend sa pratique de l'industrie cin\u00e9matographique \u00e0 la publicit\u00e9, des programmes TV aux clips musicaux.","og_url":"https:\/\/macguff.com\/fr\/contact\/","og_site_name":"Mac Guff","article_publisher":"https:\/\/www.facebook.com\/Mac-Guff-185867188132941\/","article_modified_time":"2020-02-27T15:38:27+00:00","twitter_card":"summary_large_image","twitter_misc":{"Dur\u00e9e de lecture estim\u00e9e":"3 minutes"},"schema":{"@context":"https:\/\/schema.org","@graph":[{"@type":"WebPage","@id":"https:\/\/macguff.com\/fr\/contact\/","url":"https:\/\/macguff.com\/fr\/contact\/","name":"Contact - Mac Guff - Studios de cr\u00e9ation d'effets visuels num\u00e9riques","isPartOf":{"@id":"https:\/\/macguff.com\/#website"},"datePublished":"2019-02-10T21:22:00+00:00","dateModified":"2020-02-27T15:38:27+00:00","description":"Mac Guff est l'un des principaux studios de cr\u00e9ation d'effets visuels num\u00e9riques en Europe. Il \u00e9tend sa pratique de l'industrie cin\u00e9matographique \u00e0 la publicit\u00e9, des programmes TV aux clips musicaux.","breadcrumb":{"@id":"https:\/\/macguff.com\/fr\/contact\/#breadcrumb"},"inLanguage":"fr-FR","potentialAction":[{"@type":"ReadAction","target":["https:\/\/macguff.com\/fr\/contact\/"]}]},{"@type":"BreadcrumbList","@id":"https:\/\/macguff.com\/fr\/contact\/#breadcrumb","itemListElement":[{"@type":"ListItem","position":1,"name":"Accueil","item":"https:\/\/macguff.com\/"},{"@type":"ListItem","position":2,"name":"Contact"}]},{"@type":"WebSite","@id":"https:\/\/macguff.com\/#website","url":"https:\/\/macguff.com\/","name":"Mac Guff","description":"Studios de cr\u00e9ation d'effets visuels num\u00e9riques","potentialAction":[{"@type":"SearchAction","target":{"@type":"EntryPoint","urlTemplate":"https:\/\/macguff.com\/?s={search_term_string}"},"query-input":{"@type":"PropertyValueSpecification","valueRequired":true,"valueName":"search_term_string"}}],"inLanguage":"fr-FR"}]}},"_links":{"self":[{"href":"https:\/\/macguff.com\/fr\/wp-json\/wp\/v2\/pages\/1257\/"}],"collection":[{"href":"https:\/\/macguff.com\/fr\/wp-json\/wp\/v2\/pages\/"}],"about":[{"href":"https:\/\/macguff.com\/fr\/wp-json\/wp\/v2\/types\/page\/"}],"author":[{"embeddable":true,"href":"https:\/\/macguff.com\/fr\/wp-json\/wp\/v2\/users\/3\/"}],"replies":[{"embeddable":true,"href":"https:\/\/macguff.com\/fr\/wp-json\/wp\/v2\/comments\/?post=1257"}],"version-history":[{"count":4,"href":"https:\/\/macguff.com\/fr\/wp-json\/wp\/v2\/pages\/1257\/revisions\/"}],"predecessor-version":[{"id":3685,"href":"https:\/\/macguff.com\/fr\/wp-json\/wp\/v2\/pages\/1257\/revisions\/3685\/"}],"wp:attachment":[{"href":"https:\/\/macguff.com\/fr\/wp-json\/wp\/v2\/media\/?parent=1257"}],"curies":[{"name":"wp","href":"https:\/\/api.w.org\/{rel}","templated":true}]}}