{"id":1265,"date":"2019-02-10T22:32:24","date_gmt":"2019-02-10T21:32:24","guid":{"rendered":"http:\/\/macguff.com\/?page_id=1265"},"modified":"2019-02-11T00:38:40","modified_gmt":"2019-02-10T23:38:40","slug":"mentions-legales","status":"publish","type":"page","link":"https:\/\/macguff.com\/fr\/mentions-legales\/","title":{"rendered":"Mentions L\u00e9gales"},"content":{"rendered":"<p>[et_pb_section bb_built=\u00a0\u00bb1&Prime; _builder_version=\u00a0\u00bb3.19.4&Prime; background_color=\u00a0\u00bb#000000&Prime;][et_pb_row][et_pb_column type=\u00a0\u00bb1_6&Prime;][\/et_pb_column][et_pb_column type=\u00a0\u00bb2_3&Prime;][et_pb_text _builder_version=\u00a0\u00bb3.19.4&Prime; background_layout=\u00a0\u00bbdark\u00a0\u00bb]<\/p>\n<h1>Mentions L\u00e9gales<\/h1>\n<p>La soci\u00e9t\u00e9 Mac Guff est une SA au capital de 45 734,71 euros, immatricul\u00e9e au Tribunal de commerce de Paris et assujettie \u00e0 la TVA n\u00b0 FR 89 338 438 781.<br \/>\n&#8211; Domiciliation : Mac Guff, 6 rue de la cavalerie, 75015 Paris<br \/>\n&#8211; Tel : +33 (0)1 53 58 46 46<\/p>\n<h2>Cr\u00e9dits<\/h2>\n<p>\n&#8211; R\u00e9alisation site web : <a class=\"link\" href=\"http:\/\/www.pixeladdict.fr\" target=\"_blank\" title=\"Pixel Addict, agence conseil en communication interactive\">Pixel Addict<\/a><br \/>\n&#8211; Cr\u00e9ation identit\u00e9s visuelles et communication : <a class=\"link\" href=\"http:\/\/www.pixeladdict.fr\" target=\"_blank\" title=\"Pixel Addict, agence conseil en communication interactive\">Pixel Addict<\/a><br \/>\n&#8211; L&rsquo;h\u00e9bergement de ce site Internet est assur\u00e9 par la soci\u00e9t\u00e9 OVH.<\/p>\n<h2>Mentions L\u00e9gales<\/h2>\n<p>Conform\u00e9ment \u00e0 la loi, nous vous informons que ce site, ainsi que les traitements de donn\u00e9es s&rsquo;y rapportant (newsletter, membres, statistiques) ont fait l&rsquo;objet d&rsquo;une d\u00e9claration de traitement automatis\u00e9 d&rsquo;informations nominatives aupr\u00e8s de la CNIL.<br \/>\nConform\u00e9ment \u00e0 la loi n\u00b0 78-17 du 6 janvier 1978 relative \u00e0 l&rsquo;informatique et aux libert\u00e9s, vous pouvez \u00e0 tout moment acc\u00e9der aux informations personnelles vous concernant et d\u00e9tenues par Mac Guff, demander leur modification ou leur suppression. Ainsi, vous pouvez, \u00e0 titre irr\u00e9vocable, demander que soient rectifi\u00e9es, compl\u00e9t\u00e9es, clarifi\u00e9es, mises \u00e0 jour ou effac\u00e9es les informations vous concernant qui sont inexactes, incompl\u00e8tes, \u00e9quivoques, p\u00e9rim\u00e9es ou dont la collecte ou l&rsquo;utilisation, la communication ou la conservation est interdite.<\/p>\n<h2>Recueil d&rsquo;informations \u00e0 caract\u00e8re nominatif<\/h2>\n<p>En vertu de la loi informatique et libert\u00e9s du 6 janvier 1978, nous vous informons que les donn\u00e9es \u00e0 caract\u00e8re nominatif recueillies aupr\u00e8s des internautes par l&rsquo;interm\u00e9diaire d&rsquo;un formulaire sur <a class=\"link\" href=\"http:\/\/macguff.com\" target=\"_blank\" title=\"MacGuff\">www.macguff.com<\/a> ne sauraient, en aucun cas, \u00eatre transmises, \u00e0 titre gratuit ou on\u00e9reux, \u00e0 des tiers personnes physiques ou morales.<\/p>\n<h2>Titularit\u00e9 des droits<\/h2>\n<p>Tous les \u00e9l\u00e9ments de ce site Internet (notamment les marques d\u00e9pos\u00e9es, noms de domaine, les textes, graphismes, logos, sons, photos et animations) sont la propri\u00e9t\u00e9 des \u00e9diteurs de ce site. La protection du site <a class=\"link\" href=\"http:\/\/macguff.com\" target=\"_blank\" title=\"MacGuff\">www.macguff.com<\/a> rel\u00e8ve, par cons\u00e9quent, des l\u00e9gislations nationales et internationales relatives au droit de la propri\u00e9t\u00e9 intellectuelle. D\u00e8s lors, toute reproduction et\/ou repr\u00e9sentation et\/ou rediffusion, en tout ou partie, sur tout support \u00e9lectronique ou non, pr\u00e9sent ou futur, sont interdites sauf autorisation expresse et pr\u00e9alable. Le non-respect de cette interdiction est susceptible de constituer un acte de contrefa\u00e7on engageant les responsabilit\u00e9s civile et p\u00e9nale de tout contrevenant. De m\u00eame, les bases de donn\u00e9es d&rsquo;informations sont prot\u00e9g\u00e9es au titre du droit applicable aux compilations de donn\u00e9es. De sorte que toute extraction ou tentative d&rsquo;extraction, fut-elle totale ou partielle, est susceptible d&rsquo;engager les responsabilit\u00e9s civile et p\u00e9nale de tout contrevenant.<\/p>\n<h2>Exploitation des informations<\/h2>\n<p>Mac Guff ne peut \u00eatre tenue responsable d&rsquo;aucune mani\u00e8re de l&rsquo;interpr\u00e9tation et\/ou de l&rsquo;usage d&rsquo;une ou plusieurs informations contenues dans ce site, et des cons\u00e9quences de cette interpr\u00e9tation et\/ou de cet usage. L&rsquo;exploitation \u00e9ventuelle par un utilisateur quelconque d&rsquo;une ou plusieurs informations de ce site est faite sous la seule responsabilit\u00e9 de cet utilisateur, et Mac Guff ne peut \u00eatre tenue responsable d&rsquo;aucune mani\u00e8re en relation avec cette exploitation et\/ou les cons\u00e9quences de celle-ci.<\/p>\n<h2>Mise en place de liens hypertexte<\/h2>\n<p>Nous vous informons que Mac Guff autorise tout site Internet ou tout autre support \u00e0 citer <a class=\"link\" href=\"http:\/\/macguff.com\" target=\"_blank\" title=\"MacGuff\">www.macguff.com<\/a> ou \u00e0 mettre en place un lien hypertexte pointant vers l&rsquo;adresse <a class=\"link\" href=\"http:\/\/macguff.com\" target=\"_blank\" title=\"MacGuff\">www.macguff.com<\/a>. L&rsquo;autorisation de mise en place d&rsquo;un lien est valable pour tout support , \u00e0 l&rsquo;exception de ceux diffusant des informations \u00e0 caract\u00e8re politique, religieux, pornographique, x\u00e9nophobe ou pouvant porter atteinte \u00e0 la sensibilit\u00e9 du plus grand nombre. Au titre de cette autorisation, notre \u00e9quipe se r\u00e9serve un droit d&rsquo;opposition. En outre, dans le cadre de la mise en place d&rsquo;un lien hypertexte sur votre site, nous vous accordons \u00e9galement le droit de reproduire notre logo dans la seule limite de la mise en place dudit lien et du r\u00e9f\u00e9rencement de Mac Guff. A ce titre, le format et la charte du logo devront \u00eatre respect\u00e9s.<br \/>\nLien hypertexte \u00e0 int\u00e9grer : <a class=\"link\" href=\"http:\/\/macguff.com\" target=\"_blank\" title=\"MacGuff\">www.macguff.com<\/a><\/p>\n<p>&nbsp;<\/p>\n<p>Toute l&rsquo;\u00e9quipe de <a class=\"link\" href=\"http:\/\/macguff.com\" target=\"_blank\" title=\"MacGuff\">www.macguff.com<\/a> vous remercie de l&rsquo;int\u00e9r\u00eat que vous portez \u00e0 notre site Internet, n&rsquo;h\u00e9sitez surtout pas \u00e0 nous contacter.<\/p>\n<p>[\/et_pb_text][\/et_pb_column][et_pb_column type=\u00a0\u00bb1_6&Prime;][\/et_pb_column][\/et_pb_row][\/et_pb_section]<\/p>\n","protected":false},"excerpt":{"rendered":"<p><div class=\"et_pb_row et_pb_row_0 et_pb_row_empty\">\n\t\t\t\t\n\t\t\t\t\n\t\t\t\t\n\t\t\t\t\n\t\t\t\t\n\t\t\t<\/div> Mentions L\u00e9gales La soci\u00e9t\u00e9 Mac Guff est une SA au capital de 45 734,71 euros, immatricul\u00e9e au Tribunal de commerce de Paris et assujettie \u00e0 la TVA n\u00b0 FR 89 338 438 781. &#8211; Domiciliation : Mac Guff, 6 rue de la cavalerie, 75015 Paris &#8211; Tel : +33 (0)1 53 58 46 46 [&hellip;]<\/p>\n","protected":false},"author":3,"featured_media":0,"parent":0,"menu_order":0,"comment_status":"closed","ping_status":"closed","template":"","meta":{"_et_pb_use_builder":"on","_et_pb_old_content":"","_et_gb_content_width":"","footnotes":""},"class_list":["post-1265","page","type-page","status-publish","hentry"],"yoast_head":"<!-- This site is optimized with the Yoast SEO plugin v25.6 - https:\/\/yoast.com\/wordpress\/plugins\/seo\/ -->\n<title>Mentions L\u00e9gales - Mac Guff - Studios de cr\u00e9ation d&#039;effets visuels num\u00e9riques<\/title>\n<meta name=\"description\" content=\"Mac Guff est l&#039;un des principaux studios de cr\u00e9ation d&#039;effets visuels num\u00e9riques en Europe. Il \u00e9tend sa pratique de l&#039;industrie cin\u00e9matographique \u00e0 la publicit\u00e9, des programmes TV aux clips musicaux.\" \/>\n<meta name=\"robots\" content=\"index, follow, max-snippet:-1, max-image-preview:large, max-video-preview:-1\" \/>\n<link rel=\"canonical\" href=\"https:\/\/macguff.com\/fr\/mentions-legales\/\" \/>\n<meta property=\"og:locale\" content=\"fr_FR\" \/>\n<meta property=\"og:type\" content=\"article\" \/>\n<meta property=\"og:title\" content=\"Mentions L\u00e9gales - Mac Guff - Studios de cr\u00e9ation d&#039;effets visuels num\u00e9riques\" \/>\n<meta property=\"og:description\" content=\"Mac Guff est l&#039;un des principaux studios de cr\u00e9ation d&#039;effets visuels num\u00e9riques en Europe. Il \u00e9tend sa pratique de l&#039;industrie cin\u00e9matographique \u00e0 la publicit\u00e9, des programmes TV aux clips musicaux.\" \/>\n<meta property=\"og:url\" content=\"https:\/\/macguff.com\/fr\/mentions-legales\/\" \/>\n<meta property=\"og:site_name\" content=\"Mac Guff\" \/>\n<meta property=\"article:publisher\" content=\"https:\/\/www.facebook.com\/Mac-Guff-185867188132941\/\" \/>\n<meta property=\"article:modified_time\" content=\"2019-02-10T23:38:40+00:00\" \/>\n<meta name=\"twitter:card\" content=\"summary_large_image\" \/>\n<meta name=\"twitter:label1\" content=\"Dur\u00e9e de lecture estim\u00e9e\" \/>\n\t<meta name=\"twitter:data1\" content=\"4 minutes\" \/>\n<script type=\"application\/ld+json\" class=\"yoast-schema-graph\">{\"@context\":\"https:\/\/schema.org\",\"@graph\":[{\"@type\":\"WebPage\",\"@id\":\"https:\/\/macguff.com\/fr\/mentions-legales\/\",\"url\":\"https:\/\/macguff.com\/fr\/mentions-legales\/\",\"name\":\"Mentions L\u00e9gales - Mac Guff - Studios de cr\u00e9ation d'effets visuels num\u00e9riques\",\"isPartOf\":{\"@id\":\"https:\/\/macguff.com\/#website\"},\"datePublished\":\"2019-02-10T21:32:24+00:00\",\"dateModified\":\"2019-02-10T23:38:40+00:00\",\"description\":\"Mac Guff est l'un des principaux studios de cr\u00e9ation d'effets visuels num\u00e9riques en Europe. Il \u00e9tend sa pratique de l'industrie cin\u00e9matographique \u00e0 la publicit\u00e9, des programmes TV aux clips musicaux.\",\"breadcrumb\":{\"@id\":\"https:\/\/macguff.com\/fr\/mentions-legales\/#breadcrumb\"},\"inLanguage\":\"fr-FR\",\"potentialAction\":[{\"@type\":\"ReadAction\",\"target\":[\"https:\/\/macguff.com\/fr\/mentions-legales\/\"]}]},{\"@type\":\"BreadcrumbList\",\"@id\":\"https:\/\/macguff.com\/fr\/mentions-legales\/#breadcrumb\",\"itemListElement\":[{\"@type\":\"ListItem\",\"position\":1,\"name\":\"Accueil\",\"item\":\"https:\/\/macguff.com\/\"},{\"@type\":\"ListItem\",\"position\":2,\"name\":\"Mentions L\u00e9gales\"}]},{\"@type\":\"WebSite\",\"@id\":\"https:\/\/macguff.com\/#website\",\"url\":\"https:\/\/macguff.com\/\",\"name\":\"Mac Guff\",\"description\":\"Studios de cr\u00e9ation d'effets visuels num\u00e9riques\",\"potentialAction\":[{\"@type\":\"SearchAction\",\"target\":{\"@type\":\"EntryPoint\",\"urlTemplate\":\"https:\/\/macguff.com\/?s={search_term_string}\"},\"query-input\":{\"@type\":\"PropertyValueSpecification\",\"valueRequired\":true,\"valueName\":\"search_term_string\"}}],\"inLanguage\":\"fr-FR\"}]}<\/script>\n<!-- \/ Yoast SEO plugin. -->","yoast_head_json":{"title":"Mentions L\u00e9gales - Mac Guff - Studios de cr\u00e9ation d'effets visuels num\u00e9riques","description":"Mac Guff est l'un des principaux studios de cr\u00e9ation d'effets visuels num\u00e9riques en Europe. Il \u00e9tend sa pratique de l'industrie cin\u00e9matographique \u00e0 la publicit\u00e9, des programmes TV aux clips musicaux.","robots":{"index":"index","follow":"follow","max-snippet":"max-snippet:-1","max-image-preview":"max-image-preview:large","max-video-preview":"max-video-preview:-1"},"canonical":"https:\/\/macguff.com\/fr\/mentions-legales\/","og_locale":"fr_FR","og_type":"article","og_title":"Mentions L\u00e9gales - Mac Guff - Studios de cr\u00e9ation d'effets visuels num\u00e9riques","og_description":"Mac Guff est l'un des principaux studios de cr\u00e9ation d'effets visuels num\u00e9riques en Europe. Il \u00e9tend sa pratique de l'industrie cin\u00e9matographique \u00e0 la publicit\u00e9, des programmes TV aux clips musicaux.","og_url":"https:\/\/macguff.com\/fr\/mentions-legales\/","og_site_name":"Mac Guff","article_publisher":"https:\/\/www.facebook.com\/Mac-Guff-185867188132941\/","article_modified_time":"2019-02-10T23:38:40+00:00","twitter_card":"summary_large_image","twitter_misc":{"Dur\u00e9e de lecture estim\u00e9e":"4 minutes"},"schema":{"@context":"https:\/\/schema.org","@graph":[{"@type":"WebPage","@id":"https:\/\/macguff.com\/fr\/mentions-legales\/","url":"https:\/\/macguff.com\/fr\/mentions-legales\/","name":"Mentions L\u00e9gales - Mac Guff - Studios de cr\u00e9ation d'effets visuels num\u00e9riques","isPartOf":{"@id":"https:\/\/macguff.com\/#website"},"datePublished":"2019-02-10T21:32:24+00:00","dateModified":"2019-02-10T23:38:40+00:00","description":"Mac Guff est l'un des principaux studios de cr\u00e9ation d'effets visuels num\u00e9riques en Europe. Il \u00e9tend sa pratique de l'industrie cin\u00e9matographique \u00e0 la publicit\u00e9, des programmes TV aux clips musicaux.","breadcrumb":{"@id":"https:\/\/macguff.com\/fr\/mentions-legales\/#breadcrumb"},"inLanguage":"fr-FR","potentialAction":[{"@type":"ReadAction","target":["https:\/\/macguff.com\/fr\/mentions-legales\/"]}]},{"@type":"BreadcrumbList","@id":"https:\/\/macguff.com\/fr\/mentions-legales\/#breadcrumb","itemListElement":[{"@type":"ListItem","position":1,"name":"Accueil","item":"https:\/\/macguff.com\/"},{"@type":"ListItem","position":2,"name":"Mentions L\u00e9gales"}]},{"@type":"WebSite","@id":"https:\/\/macguff.com\/#website","url":"https:\/\/macguff.com\/","name":"Mac Guff","description":"Studios de cr\u00e9ation d'effets visuels num\u00e9riques","potentialAction":[{"@type":"SearchAction","target":{"@type":"EntryPoint","urlTemplate":"https:\/\/macguff.com\/?s={search_term_string}"},"query-input":{"@type":"PropertyValueSpecification","valueRequired":true,"valueName":"search_term_string"}}],"inLanguage":"fr-FR"}]}},"_links":{"self":[{"href":"https:\/\/macguff.com\/fr\/wp-json\/wp\/v2\/pages\/1265\/"}],"collection":[{"href":"https:\/\/macguff.com\/fr\/wp-json\/wp\/v2\/pages\/"}],"about":[{"href":"https:\/\/macguff.com\/fr\/wp-json\/wp\/v2\/types\/page\/"}],"author":[{"embeddable":true,"href":"https:\/\/macguff.com\/fr\/wp-json\/wp\/v2\/users\/3\/"}],"replies":[{"embeddable":true,"href":"https:\/\/macguff.com\/fr\/wp-json\/wp\/v2\/comments\/?post=1265"}],"version-history":[{"count":3,"href":"https:\/\/macguff.com\/fr\/wp-json\/wp\/v2\/pages\/1265\/revisions\/"}],"predecessor-version":[{"id":1360,"href":"https:\/\/macguff.com\/fr\/wp-json\/wp\/v2\/pages\/1265\/revisions\/1360\/"}],"wp:attachment":[{"href":"https:\/\/macguff.com\/fr\/wp-json\/wp\/v2\/media\/?parent=1265"}],"curies":[{"name":"wp","href":"https:\/\/api.w.org\/{rel}","templated":true}]}}