{"id":1274,"date":"2019-02-10T22:39:40","date_gmt":"2019-02-10T21:39:40","guid":{"rendered":"http:\/\/macguff.com\/?page_id=1274"},"modified":"2019-05-05T22:22:17","modified_gmt":"2019-05-05T20:22:17","slug":"realisations","status":"publish","type":"page","link":"https:\/\/macguff.com\/fr\/realisations\/","title":{"rendered":"R\u00e9alisations"},"content":{"rendered":"<p>[et_pb_section bb_built=\u00a0\u00bb1&Prime; fullwidth=\u00a0\u00bbon\u00a0\u00bb custom_padding_last_edited=\u00a0\u00bbon|desktop\u00a0\u00bb module_class=\u00a0\u00bbpx_fullwidth_header_overlay\u00a0\u00bb _builder_version=\u00a0\u00bb3.0.74&Prime; custom_padding_tablet=\u00a0\u00bb50px|0|50px|0&Prime; transparent_background=\u00a0\u00bboff\u00a0\u00bb padding_mobile=\u00a0\u00bboff\u00a0\u00bb next_background_color=\u00a0\u00bb#000000&Prime;][et_pb_fullwidth_header title=\u00a0\u00bbMAC GUFF\u00a0\u00bb header_fullscreen=\u00a0\u00bbon\u00a0\u00bb header_scroll_down=\u00a0\u00bbon\u00a0\u00bb scroll_down_icon=\u00a0\u00bb%%1%%\u00a0\u00bb scroll_down_icon_color=\u00a0\u00bb#ff7f00&Prime; scroll_down_icon_size=\u00a0\u00bb75px\u00a0\u00bb background_overlay_color=\u00a0\u00bbrgba(0,0,0,0)\u00a0\u00bb _builder_version=\u00a0\u00bb3.19.4&Prime; title_font=\u00a0\u00bbTrebuchet||||||||\u00a0\u00bb title_text_color=\u00a0\u00bb#ff7f00&Prime; title_font_size=\u00a0\u00bb45px\u00a0\u00bb title_letter_spacing=\u00a0\u00bb2px\u00a0\u00bb content_font_size=\u00a0\u00bb18px\u00a0\u00bb subhead_font=\u00a0\u00bbRoboto Condensed||||||||\u00a0\u00bb subhead_font_size=\u00a0\u00bb41px\u00a0\u00bb subhead_line_height=\u00a0\u00bb1.5em\u00a0\u00bb background_color=\u00a0\u00bbrgba(255, 255, 255, 0)\u00a0\u00bb background_image=\u00a0\u00bbhttp:\/\/macguff.com\/wp-content\/uploads\/2018\/12\/Desigual_4K_FINAL_Titre2.jpeg\u00a0\u00bb parallax=\u00a0\u00bbon\u00a0\u00bb max_width_tablet=\u00a0\u00bb50px\u00a0\u00bb button_one_text_size__hover_enabled=\u00a0\u00bboff\u00a0\u00bb button_one_text_size__hover=\u00a0\u00bbnull\u00a0\u00bb button_two_text_size__hover_enabled=\u00a0\u00bboff\u00a0\u00bb button_two_text_size__hover=\u00a0\u00bbnull\u00a0\u00bb button_one_text_color__hover_enabled=\u00a0\u00bboff\u00a0\u00bb button_one_text_color__hover=\u00a0\u00bbnull\u00a0\u00bb button_two_text_color__hover_enabled=\u00a0\u00bboff\u00a0\u00bb button_two_text_color__hover=\u00a0\u00bbnull\u00a0\u00bb button_one_border_width__hover_enabled=\u00a0\u00bboff\u00a0\u00bb button_one_border_width__hover=\u00a0\u00bbnull\u00a0\u00bb button_two_border_width__hover_enabled=\u00a0\u00bboff\u00a0\u00bb button_two_border_width__hover=\u00a0\u00bbnull\u00a0\u00bb button_one_border_color__hover_enabled=\u00a0\u00bboff\u00a0\u00bb button_one_border_color__hover=\u00a0\u00bbnull\u00a0\u00bb button_two_border_color__hover_enabled=\u00a0\u00bboff\u00a0\u00bb button_two_border_color__hover=\u00a0\u00bbnull\u00a0\u00bb button_one_border_radius__hover_enabled=\u00a0\u00bboff\u00a0\u00bb button_one_border_radius__hover=\u00a0\u00bbnull\u00a0\u00bb button_two_border_radius__hover_enabled=\u00a0\u00bboff\u00a0\u00bb button_two_border_radius__hover=\u00a0\u00bbnull\u00a0\u00bb button_one_letter_spacing__hover_enabled=\u00a0\u00bbon\u00a0\u00bb button_one_letter_spacing__hover=\u00a0\u00bb0&Prime; button_two_letter_spacing__hover_enabled=\u00a0\u00bbon\u00a0\u00bb button_two_letter_spacing__hover=\u00a0\u00bb0&Prime; button_one_bg_color__hover_enabled=\u00a0\u00bboff\u00a0\u00bb button_one_bg_color__hover=\u00a0\u00bbnull\u00a0\u00bb button_two_bg_color__hover_enabled=\u00a0\u00bboff\u00a0\u00bb button_two_bg_color__hover=\u00a0\u00bbnull\u00a0\u00bb subhead=\u00a0\u00bbWork\u00a0\u00bb \/][\/et_pb_section][et_pb_section bb_built=\u00a0\u00bb1&Prime; admin_label=\u00a0\u00bbsection\u00a0\u00bb custom_padding_last_edited=\u00a0\u00bbon|desktop\u00a0\u00bb _builder_version=\u00a0\u00bb3.0.74&Prime; parallax=\u00a0\u00bbon\u00a0\u00bb parallax_method=\u00a0\u00bboff\u00a0\u00bb custom_padding_tablet=\u00a0\u00bb50px|0|50px|0&Prime; custom_css_main_element=\u00a0\u00bbbackground-color:rgba(0,0,0,1);\u00a0\u00bb padding_mobile=\u00a0\u00bboff\u00a0\u00bb prev_background_color=\u00a0\u00bb#000000&Prime; next_background_color=\u00a0\u00bb#000000&Prime;][et_pb_row admin_label=\u00a0\u00bbrow\u00a0\u00bb custom_padding=\u00a0\u00bb|100px||100px\u00a0\u00bb padding_mobile=\u00a0\u00bboff\u00a0\u00bb column_padding_mobile=\u00a0\u00bbon\u00a0\u00bb parallax_method_1=\u00a0\u00bboff\u00a0\u00bb _builder_version=\u00a0\u00bb3.0.47&Prime; background_size=\u00a0\u00bbinitial\u00a0\u00bb background_position=\u00a0\u00bbtop_left\u00a0\u00bb background_repeat=\u00a0\u00bbrepeat\u00a0\u00bb][et_pb_column type=\u00a0\u00bb4_4&Prime;][et_pb_text _builder_version=\u00a0\u00bb3.19.4&Prime; text_text_color=\u00a0\u00bb#ff7200&Prime; header_font=\u00a0\u00bbRoboto Condensed||||||||\u00a0\u00bb header_text_color=\u00a0\u00bb#ff8800&Prime; background_size=\u00a0\u00bbinitial\u00a0\u00bb background_position=\u00a0\u00bbtop_left\u00a0\u00bb background_repeat=\u00a0\u00bbrepeat\u00a0\u00bb text_orientation=\u00a0\u00bbcenter\u00a0\u00bb max_width=\u00a0\u00bb600px\u00a0\u00bb module_alignment=\u00a0\u00bbcenter\u00a0\u00bb]<\/p>\n<h1 style=\"color: #ff7f00;\">Des artistes, des d\u00e9veloppeurs, des techniciens tous artisans des m\u00e9dias aux confins de la repr\u00e9sentation visuelle.<\/h1>\n<p>[\/et_pb_text][\/et_pb_column][\/et_pb_row][\/et_pb_section][et_pb_section bb_built=\u00a0\u00bb1&Prime; admin_label=\u00a0\u00bbSection Small Portfolio\u00a0\u00bb custom_padding_last_edited=\u00a0\u00bbon|desktop\u00a0\u00bb _builder_version=\u00a0\u00bb3.19.4&Prime; background_color=\u00a0\u00bb#000000&Prime; custom_padding_tablet=\u00a0\u00bb50px|0|50px|0&Prime; transparent_background=\u00a0\u00bboff\u00a0\u00bb prev_background_color=\u00a0\u00bb#ffffff\u00a0\u00bb global_module=\u00a0\u00bb1379&Prime;][et_pb_row global_parent=\u00a0\u00bb1379&Prime; _builder_version=\u00a0\u00bb3.19.4&Prime;][et_pb_column type=\u00a0\u00bb4_4&Prime;][et_pb_text global_parent=\u00a0\u00bb1379&Prime; _builder_version=\u00a0\u00bb3.19.4&Prime; header_text_color=\u00a0\u00bb#ff8800&Prime; text_orientation=\u00a0\u00bbcenter\u00a0\u00bb text_font=\u00a0\u00bbRoboto Condensed|700|||||||\u00a0\u00bb header_font=\u00a0\u00bbRoboto Condensed|700|||||||\u00a0\u00bb]<\/p>\n<h1>WORK<\/h1>\n<p>[\/et_pb_text][et_pb_portfolio admin_label=\u00a0\u00bbPortefeuille &#8211; Film\/Pub\u00a0\u00bb global_parent=\u00a0\u00bb1379&Prime; _builder_version=\u00a0\u00bb3.19.4&Prime; posts_number=\u00a0\u00bb20&Prime; include_categories=\u00a0\u00bb25,21&Prime; show_categories=\u00a0\u00bboff\u00a0\u00bb show_pagination=\u00a0\u00bboff\u00a0\u00bb fullwidth=\u00a0\u00bboff\u00a0\u00bb hover_overlay_color=\u00a0\u00bb#ff7f00&Prime; zoom_icon_color=\u00a0\u00bb#333333&Prime; hover_icon=\u00a0\u00bb%%43%%\u00a0\u00bb saved_tabs=\u00a0\u00bball\u00a0\u00bb \/][\/et_pb_column][\/et_pb_row][et_pb_row global_parent=\u00a0\u00bb1379&Prime; _builder_version=\u00a0\u00bb3.19.4&Prime; background_color_1=\u00a0\u00bb#000000&Prime;][et_pb_column type=\u00a0\u00bb4_4&Prime;][et_pb_text global_parent=\u00a0\u00bb1379&Prime; _builder_version=\u00a0\u00bb3.19.4&Prime; header_text_color=\u00a0\u00bb#ff8800&Prime; text_orientation=\u00a0\u00bbcenter\u00a0\u00bb text_font=\u00a0\u00bbRoboto Condensed|700|||||||\u00a0\u00bb header_font=\u00a0\u00bbRoboto Condensed|700|||||||\u00a0\u00bb]<\/p>\n<h1>MAKING OF<\/h1>\n<p>[\/et_pb_text][et_pb_portfolio admin_label=\u00a0\u00bbPortefeuille &#8211; Making Of\u00a0\u00bb global_parent=\u00a0\u00bb1379&Prime; _builder_version=\u00a0\u00bb3.19.4&Prime; posts_number=\u00a0\u00bb12&Prime; include_categories=\u00a0\u00bb23&Prime; show_categories=\u00a0\u00bboff\u00a0\u00bb show_pagination=\u00a0\u00bboff\u00a0\u00bb fullwidth=\u00a0\u00bboff\u00a0\u00bb hover_overlay_color=\u00a0\u00bb#ff7f00&Prime; zoom_icon_color=\u00a0\u00bb#000000&Prime; hover_icon=\u00a0\u00bb%%40%%\u00a0\u00bb saved_tabs=\u00a0\u00bball\u00a0\u00bb title_font=\u00a0\u00bbRoboto Condensed||||||||\u00a0\u00bb caption_font=\u00a0\u00bbRoboto Condensed||||||||\u00a0\u00bb pagination_font=\u00a0\u00bbRoboto Condensed||||||||\u00a0\u00bb background_color=\u00a0\u00bb#000000&Prime; \/][\/et_pb_column][\/et_pb_row][\/et_pb_section]<\/p>\n","protected":false},"excerpt":{"rendered":"<p>Des artistes, des d\u00e9veloppeurs, des techniciens tous artisans des m\u00e9dias aux confins de la repr\u00e9sentation visuelle. WORK MAKING OF<\/p>\n","protected":false},"author":3,"featured_media":0,"parent":0,"menu_order":0,"comment_status":"closed","ping_status":"closed","template":"","meta":{"_et_pb_use_builder":"on","_et_pb_old_content":"","_et_gb_content_width":"","footnotes":""},"class_list":["post-1274","page","type-page","status-publish","hentry"],"yoast_head":"<!-- This site is optimized with the Yoast SEO plugin v25.6 - https:\/\/yoast.com\/wordpress\/plugins\/seo\/ -->\n<title>R\u00e9alisations - Mac Guff - Studios de cr\u00e9ation d&#039;effets visuels num\u00e9riques<\/title>\n<meta name=\"description\" content=\"Mac Guff est l&#039;un des principaux studios de cr\u00e9ation d&#039;effets visuels num\u00e9riques en Europe. Il \u00e9tend sa pratique de l&#039;industrie cin\u00e9matographique \u00e0 la publicit\u00e9, des programmes TV aux clips musicaux.\" \/>\n<meta name=\"robots\" content=\"index, follow, max-snippet:-1, max-image-preview:large, max-video-preview:-1\" \/>\n<link rel=\"canonical\" href=\"https:\/\/macguff.com\/fr\/work\/\" \/>\n<meta property=\"og:locale\" content=\"fr_FR\" \/>\n<meta property=\"og:type\" content=\"article\" \/>\n<meta property=\"og:title\" content=\"R\u00e9alisations - Mac Guff - Studios de cr\u00e9ation d&#039;effets visuels num\u00e9riques\" \/>\n<meta property=\"og:description\" content=\"Mac Guff est l&#039;un des principaux studios de cr\u00e9ation d&#039;effets visuels num\u00e9riques en Europe. Il \u00e9tend sa pratique de l&#039;industrie cin\u00e9matographique \u00e0 la publicit\u00e9, des programmes TV aux clips musicaux.\" \/>\n<meta property=\"og:url\" content=\"https:\/\/macguff.com\/work\/\" \/>\n<meta property=\"og:site_name\" content=\"Mac Guff\" \/>\n<meta property=\"article:publisher\" content=\"https:\/\/www.facebook.com\/Mac-Guff-185867188132941\/\" \/>\n<meta property=\"article:modified_time\" content=\"2019-05-05T20:22:17+00:00\" \/>\n<meta name=\"twitter:card\" content=\"summary_large_image\" \/>\n<meta name=\"twitter:label1\" content=\"Dur\u00e9e de lecture estim\u00e9e\" \/>\n\t<meta name=\"twitter:data1\" content=\"3 minutes\" \/>\n<script type=\"application\/ld+json\" class=\"yoast-schema-graph\">{\"@context\":\"https:\/\/schema.org\",\"@graph\":[{\"@type\":\"WebPage\",\"@id\":\"https:\/\/macguff.com\/work\/\",\"url\":\"https:\/\/macguff.com\/work\/\",\"name\":\"R\u00e9alisations - Mac Guff - Studios de cr\u00e9ation d'effets visuels num\u00e9riques\",\"isPartOf\":{\"@id\":\"https:\/\/macguff.com\/#website\"},\"datePublished\":\"2019-02-10T21:39:40+00:00\",\"dateModified\":\"2019-05-05T20:22:17+00:00\",\"description\":\"Mac Guff est l'un des principaux studios de cr\u00e9ation d'effets visuels num\u00e9riques en Europe. Il \u00e9tend sa pratique de l'industrie cin\u00e9matographique \u00e0 la publicit\u00e9, des programmes TV aux clips musicaux.\",\"breadcrumb\":{\"@id\":\"https:\/\/macguff.com\/work\/#breadcrumb\"},\"inLanguage\":\"fr-FR\",\"potentialAction\":[{\"@type\":\"ReadAction\",\"target\":[\"https:\/\/macguff.com\/work\/\"]}]},{\"@type\":\"BreadcrumbList\",\"@id\":\"https:\/\/macguff.com\/work\/#breadcrumb\",\"itemListElement\":[{\"@type\":\"ListItem\",\"position\":1,\"name\":\"Accueil\",\"item\":\"https:\/\/macguff.com\/\"},{\"@type\":\"ListItem\",\"position\":2,\"name\":\"R\u00e9alisations\"}]},{\"@type\":\"WebSite\",\"@id\":\"https:\/\/macguff.com\/#website\",\"url\":\"https:\/\/macguff.com\/\",\"name\":\"Mac Guff\",\"description\":\"Studios de cr\u00e9ation d'effets visuels num\u00e9riques\",\"potentialAction\":[{\"@type\":\"SearchAction\",\"target\":{\"@type\":\"EntryPoint\",\"urlTemplate\":\"https:\/\/macguff.com\/?s={search_term_string}\"},\"query-input\":{\"@type\":\"PropertyValueSpecification\",\"valueRequired\":true,\"valueName\":\"search_term_string\"}}],\"inLanguage\":\"fr-FR\"}]}<\/script>\n<!-- \/ Yoast SEO plugin. -->","yoast_head_json":{"title":"R\u00e9alisations - Mac Guff - Studios de cr\u00e9ation d'effets visuels num\u00e9riques","description":"Mac Guff est l'un des principaux studios de cr\u00e9ation d'effets visuels num\u00e9riques en Europe. Il \u00e9tend sa pratique de l'industrie cin\u00e9matographique \u00e0 la publicit\u00e9, des programmes TV aux clips musicaux.","robots":{"index":"index","follow":"follow","max-snippet":"max-snippet:-1","max-image-preview":"max-image-preview:large","max-video-preview":"max-video-preview:-1"},"canonical":"https:\/\/macguff.com\/fr\/work\/","og_locale":"fr_FR","og_type":"article","og_title":"R\u00e9alisations - Mac Guff - Studios de cr\u00e9ation d'effets visuels num\u00e9riques","og_description":"Mac Guff est l'un des principaux studios de cr\u00e9ation d'effets visuels num\u00e9riques en Europe. Il \u00e9tend sa pratique de l'industrie cin\u00e9matographique \u00e0 la publicit\u00e9, des programmes TV aux clips musicaux.","og_url":"https:\/\/macguff.com\/work\/","og_site_name":"Mac Guff","article_publisher":"https:\/\/www.facebook.com\/Mac-Guff-185867188132941\/","article_modified_time":"2019-05-05T20:22:17+00:00","twitter_card":"summary_large_image","twitter_misc":{"Dur\u00e9e de lecture estim\u00e9e":"3 minutes"},"schema":{"@context":"https:\/\/schema.org","@graph":[{"@type":"WebPage","@id":"https:\/\/macguff.com\/work\/","url":"https:\/\/macguff.com\/work\/","name":"R\u00e9alisations - Mac Guff - Studios de cr\u00e9ation d'effets visuels num\u00e9riques","isPartOf":{"@id":"https:\/\/macguff.com\/#website"},"datePublished":"2019-02-10T21:39:40+00:00","dateModified":"2019-05-05T20:22:17+00:00","description":"Mac Guff est l'un des principaux studios de cr\u00e9ation d'effets visuels num\u00e9riques en Europe. Il \u00e9tend sa pratique de l'industrie cin\u00e9matographique \u00e0 la publicit\u00e9, des programmes TV aux clips musicaux.","breadcrumb":{"@id":"https:\/\/macguff.com\/work\/#breadcrumb"},"inLanguage":"fr-FR","potentialAction":[{"@type":"ReadAction","target":["https:\/\/macguff.com\/work\/"]}]},{"@type":"BreadcrumbList","@id":"https:\/\/macguff.com\/work\/#breadcrumb","itemListElement":[{"@type":"ListItem","position":1,"name":"Accueil","item":"https:\/\/macguff.com\/"},{"@type":"ListItem","position":2,"name":"R\u00e9alisations"}]},{"@type":"WebSite","@id":"https:\/\/macguff.com\/#website","url":"https:\/\/macguff.com\/","name":"Mac Guff","description":"Studios de cr\u00e9ation d'effets visuels num\u00e9riques","potentialAction":[{"@type":"SearchAction","target":{"@type":"EntryPoint","urlTemplate":"https:\/\/macguff.com\/?s={search_term_string}"},"query-input":{"@type":"PropertyValueSpecification","valueRequired":true,"valueName":"search_term_string"}}],"inLanguage":"fr-FR"}]}},"_links":{"self":[{"href":"https:\/\/macguff.com\/fr\/wp-json\/wp\/v2\/pages\/1274\/"}],"collection":[{"href":"https:\/\/macguff.com\/fr\/wp-json\/wp\/v2\/pages\/"}],"about":[{"href":"https:\/\/macguff.com\/fr\/wp-json\/wp\/v2\/types\/page\/"}],"author":[{"embeddable":true,"href":"https:\/\/macguff.com\/fr\/wp-json\/wp\/v2\/users\/3\/"}],"replies":[{"embeddable":true,"href":"https:\/\/macguff.com\/fr\/wp-json\/wp\/v2\/comments\/?post=1274"}],"version-history":[{"count":4,"href":"https:\/\/macguff.com\/fr\/wp-json\/wp\/v2\/pages\/1274\/revisions\/"}],"predecessor-version":[{"id":3272,"href":"https:\/\/macguff.com\/fr\/wp-json\/wp\/v2\/pages\/1274\/revisions\/3272\/"}],"wp:attachment":[{"href":"https:\/\/macguff.com\/fr\/wp-json\/wp\/v2\/media\/?parent=1274"}],"curies":[{"name":"wp","href":"https:\/\/api.w.org\/{rel}","templated":true}]}}